{"id":803,"date":"2022-07-01T22:03:48","date_gmt":"2022-07-01T22:03:48","guid":{"rendered":"https:\/\/www.hmaa-hc.hu\/?page_id=803"},"modified":"2023-01-09T23:00:31","modified_gmt":"2023-01-09T23:00:31","slug":"abstract-koszono-oldal","status":"publish","type":"page","link":"https:\/\/www.hmaa-hc.hu\/en\/abstract-koszono-oldal\/","title":{"rendered":"Abstract welcome page"},"content":{"rendered":"<div data-elementor-type=\"wp-page\" data-elementor-id=\"803\" class=\"elementor elementor-803\" data-elementor-post-type=\"page\">\n\t\t\t\t\t\t<section class=\"elementor-section elementor-top-section elementor-element elementor-element-c6e951e elementor-section-height-min-height elementor-section-boxed elementor-section-height-default elementor-section-items-middle\" data-id=\"c6e951e\" data-element_type=\"section\" data-e-type=\"section\" data-settings=\"{&quot;background_background&quot;:&quot;classic&quot;}\">\n\t\t\t\t\t\t<div class=\"elementor-container elementor-column-gap-default\">\n\t\t\t\t\t<div class=\"elementor-column elementor-col-100 elementor-top-column elementor-element elementor-element-8167f45 animated-slow elementor-invisible\" data-id=\"8167f45\" data-element_type=\"column\" data-e-type=\"column\" data-settings=\"{&quot;animation&quot;:&quot;fadeIn&quot;,&quot;background_background&quot;:&quot;classic&quot;}\">\n\t\t\t<div class=\"elementor-widget-wrap elementor-element-populated\">\n\t\t\t\t\t<div class=\"elementor-background-overlay\"><\/div>\n\t\t\t\t\t\t<div class=\"elementor-element elementor-element-840c178 animated-slow elementor-view-default elementor-invisible elementor-widget elementor-widget-icon\" data-id=\"840c178\" data-element_type=\"widget\" data-e-type=\"widget\" data-settings=\"{&quot;_animation&quot;:&quot;fadeIn&quot;}\" data-widget_type=\"icon.default\">\n\t\t\t\t<div class=\"elementor-widget-container\">\n\t\t\t\t\t\t\t<div class=\"elementor-icon-wrapper\">\n\t\t\t<div class=\"elementor-icon\">\n\t\t\t<i aria-hidden=\"true\" class=\"fas fa-file-alt\"><\/i>\t\t\t<\/div>\n\t\t<\/div>\n\t\t\t\t\t\t<\/div>\n\t\t\t\t<\/div>\n\t\t\t\t<div class=\"elementor-element elementor-element-e08af1c animated-slow elementor-invisible elementor-widget elementor-widget-heading\" data-id=\"e08af1c\" data-element_type=\"widget\" data-e-type=\"widget\" data-settings=\"{&quot;_animation&quot;:&quot;fadeIn&quot;}\" data-widget_type=\"heading.default\">\n\t\t\t\t<div class=\"elementor-widget-container\">\n\t\t\t\t\t<h1 class=\"elementor-heading-title elementor-size-default\">Dear Sir\/Madam!<\/h1>\t\t\t\t<\/div>\n\t\t\t\t<\/div>\n\t\t\t\t<div class=\"elementor-element elementor-element-39fe86b elementor-invisible elementor-widget elementor-widget-text-editor\" data-id=\"39fe86b\" data-element_type=\"widget\" data-e-type=\"widget\" data-settings=\"{&quot;_animation&quot;:&quot;fadeIn&quot;}\" data-widget_type=\"text-editor.default\">\n\t\t\t\t<div class=\"elementor-widget-container\">\n\t\t\t\t\t\t\t\t\t<div>\n<div>Thank you for submitting an abstract for the Hungarian Medical Association of America-Hungary (HMAA-HC) conference in Balatonf\u00fcred.<\/div>\n<div>\n<div>The abstracts received will be reviewed and feedback on acceptance\/rejection will be sent during July-August.<\/div>\n<div>Questions about the conference can be sent to&nbsp;<a href=\"mailto:hungary@hmaa.org\" target=\"_blank\" rel=\"noopener\">hungary@hmaa.org<\/a>&nbsp;and detailed information about the event can be found on our website (<a href=\"https:\/\/www.hmaa-hc.hu\/en\/\" target=\"_blank\" rel=\"noopener\" data-saferedirecturl=\"https:\/\/www.google.com\/url?q=https:\/\/www.hmaa-hc.hu&amp;source=gmail&amp;ust=1656799511767000&amp;usg=AOvVaw11MORTo5YlZEuKCCsx-ahN\">www.hmaa-hc.hu<\/a>).<\/div>\n<div><br><\/div>\n<div>Best regards,<\/div>\n<div>Hungarian Medical Association of America-Hungary Chapter (HMAA-HC)<\/div>\n<\/div>\n<\/div>\n<div>&nbsp;<\/div>\t\t\t\t\t\t\t\t<\/div>\n\t\t\t\t<\/div>\n\t\t\t\t\t<\/div>\n\t\t<\/div>\n\t\t\t\t\t<\/div>\n\t\t<\/section>\n\t\t\t\t<\/div>","protected":false},"excerpt":{"rendered":"<p>Tisztelt H\u00f6lgyem\/Uram! K\u00f6sz\u00f6nj\u00fck, hogy az Amerikai Magyar Orvossz\u00f6vets\u00e9g Magyarorsz\u00e1gi Tagozat Egyes\u00fclet (HMAA-HC) balatonf\u00fcredi konferenci\u00e1j\u00e1ra abstractot k\u00fcld\u00f6tt be. A be\u00e9rkezett abstractokat v\u00e9lem\u00e9nyezz\u00fck, j\u00falius-augusztus folyam\u00e1n visszajelz\u00e9st k\u00fcld\u00fcnk az elfogad\u00e1sr\u00f3l\/esetleges elutas\u00edt\u00e1sr\u00f3l. A konferenci\u00e1val kapcsolatos k\u00e9rd\u00e9seket a&nbsp;hungary@hmaa.org&nbsp;c\u00edmen fogadjuk, a rendezv\u00e9nnyel kapcsolatosan r\u00e9szletes inform\u00e1ci\u00f3t tal\u00e1l honlapunkon (www.hmaa-hc.hu). \u00dcdv\u00f6zlettel, Amerikai Magyar Orvossz\u00f6vets\u00e9g Magyarorsz\u00e1gi Tagozat&nbsp;Egyes\u00fclet (HMAA-HC) &nbsp;<\/p>","protected":false},"author":1,"featured_media":0,"parent":0,"menu_order":0,"comment_status":"closed","ping_status":"closed","template":"elementor_header_footer","meta":{"footnotes":""},"class_list":["post-803","page","type-page","status-publish","hentry"],"yoast_head":"<!-- This site is optimized with the Yoast SEO plugin v27.4 - https:\/\/yoast.com\/product\/yoast-seo-wordpress\/ -->\n<title>Abstract k\u00f6sz\u00f6n\u0151 oldal - HMAA Hungary Chapter<\/title>\n<meta name=\"robots\" content=\"index, follow, max-snippet:-1, max-image-preview:large, max-video-preview:-1\" \/>\n<link rel=\"canonical\" href=\"https:\/\/www.hmaa-hc.hu\/en\/abstract-koszono-oldal\/\" \/>\n<meta property=\"og:locale\" content=\"en_GB\" \/>\n<meta property=\"og:type\" content=\"article\" \/>\n<meta property=\"og:title\" content=\"Abstract k\u00f6sz\u00f6n\u0151 oldal - HMAA Hungary Chapter\" \/>\n<meta property=\"og:description\" content=\"Tisztelt H\u00f6lgyem\/Uram! K\u00f6sz\u00f6nj\u00fck, hogy az Amerikai Magyar Orvossz\u00f6vets\u00e9g Magyarorsz\u00e1gi Tagozat Egyes\u00fclet (HMAA-HC) balatonf\u00fcredi konferenci\u00e1j\u00e1ra abstractot k\u00fcld\u00f6tt be. A be\u00e9rkezett abstractokat v\u00e9lem\u00e9nyezz\u00fck, j\u00falius-augusztus folyam\u00e1n visszajelz\u00e9st k\u00fcld\u00fcnk az elfogad\u00e1sr\u00f3l\/esetleges elutas\u00edt\u00e1sr\u00f3l. A konferenci\u00e1val kapcsolatos k\u00e9rd\u00e9seket a&nbsp;hungary@hmaa.org&nbsp;c\u00edmen fogadjuk, a rendezv\u00e9nnyel kapcsolatosan r\u00e9szletes inform\u00e1ci\u00f3t tal\u00e1l honlapunkon (www.hmaa-hc.hu). \u00dcdv\u00f6zlettel, Amerikai Magyar Orvossz\u00f6vets\u00e9g Magyarorsz\u00e1gi Tagozat&nbsp;Egyes\u00fclet (HMAA-HC) &nbsp;\" \/>\n<meta property=\"og:url\" content=\"https:\/\/www.hmaa-hc.hu\/en\/abstract-koszono-oldal\/\" \/>\n<meta property=\"og:site_name\" content=\"HMAA Hungary Chapter\" \/>\n<meta property=\"article:modified_time\" content=\"2023-01-09T23:00:31+00:00\" \/>\n<meta name=\"twitter:card\" content=\"summary_large_image\" \/>\n<meta name=\"twitter:label1\" content=\"Estimated reading time\" \/>\n\t<meta name=\"twitter:data1\" content=\"1 minute\" \/>\n<script type=\"application\/ld+json\" class=\"yoast-schema-graph\">{\"@context\":\"https:\\\/\\\/schema.org\",\"@graph\":[{\"@type\":\"WebPage\",\"@id\":\"https:\\\/\\\/www.hmaa-hc.hu\\\/abstract-koszono-oldal\\\/\",\"url\":\"https:\\\/\\\/www.hmaa-hc.hu\\\/abstract-koszono-oldal\\\/\",\"name\":\"Abstract k\u00f6sz\u00f6n\u0151 oldal - HMAA Hungary Chapter\",\"isPartOf\":{\"@id\":\"https:\\\/\\\/www.hmaa-hc.hu\\\/#website\"},\"datePublished\":\"2022-07-01T22:03:48+00:00\",\"dateModified\":\"2023-01-09T23:00:31+00:00\",\"breadcrumb\":{\"@id\":\"https:\\\/\\\/www.hmaa-hc.hu\\\/abstract-koszono-oldal\\\/#breadcrumb\"},\"inLanguage\":\"en-GB\",\"potentialAction\":[{\"@type\":\"ReadAction\",\"target\":[\"https:\\\/\\\/www.hmaa-hc.hu\\\/abstract-koszono-oldal\\\/\"]}]},{\"@type\":\"BreadcrumbList\",\"@id\":\"https:\\\/\\\/www.hmaa-hc.hu\\\/abstract-koszono-oldal\\\/#breadcrumb\",\"itemListElement\":[{\"@type\":\"ListItem\",\"position\":1,\"name\":\"Kezd\u0151lap\",\"item\":\"https:\\\/\\\/www.hmaa-hc.hu\\\/\"},{\"@type\":\"ListItem\",\"position\":2,\"name\":\"Abstract k\u00f6sz\u00f6n\u0151 oldal\"}]},{\"@type\":\"WebSite\",\"@id\":\"https:\\\/\\\/www.hmaa-hc.hu\\\/#website\",\"url\":\"https:\\\/\\\/www.hmaa-hc.hu\\\/\",\"name\":\"HMAA Hungary Chapter\",\"description\":\"Amerikai Magyar Orvossz\u00f6vets\u00e9g magyarorsz\u00e1gi tagozata\",\"potentialAction\":[{\"@type\":\"SearchAction\",\"target\":{\"@type\":\"EntryPoint\",\"urlTemplate\":\"https:\\\/\\\/www.hmaa-hc.hu\\\/?s={search_term_string}\"},\"query-input\":{\"@type\":\"PropertyValueSpecification\",\"valueRequired\":true,\"valueName\":\"search_term_string\"}}],\"inLanguage\":\"en-GB\"}]}<\/script>\n<!-- \/ Yoast SEO plugin. -->","yoast_head_json":{"title":"Abstract k\u00f6sz\u00f6n\u0151 oldal - HMAA Hungary Chapter","robots":{"index":"index","follow":"follow","max-snippet":"max-snippet:-1","max-image-preview":"max-image-preview:large","max-video-preview":"max-video-preview:-1"},"canonical":"https:\/\/www.hmaa-hc.hu\/en\/abstract-koszono-oldal\/","og_locale":"en_GB","og_type":"article","og_title":"Abstract k\u00f6sz\u00f6n\u0151 oldal - HMAA Hungary Chapter","og_description":"Tisztelt H\u00f6lgyem\/Uram! K\u00f6sz\u00f6nj\u00fck, hogy az Amerikai Magyar Orvossz\u00f6vets\u00e9g Magyarorsz\u00e1gi Tagozat Egyes\u00fclet (HMAA-HC) balatonf\u00fcredi konferenci\u00e1j\u00e1ra abstractot k\u00fcld\u00f6tt be. A be\u00e9rkezett abstractokat v\u00e9lem\u00e9nyezz\u00fck, j\u00falius-augusztus folyam\u00e1n visszajelz\u00e9st k\u00fcld\u00fcnk az elfogad\u00e1sr\u00f3l\/esetleges elutas\u00edt\u00e1sr\u00f3l. A konferenci\u00e1val kapcsolatos k\u00e9rd\u00e9seket a&nbsp;hungary@hmaa.org&nbsp;c\u00edmen fogadjuk, a rendezv\u00e9nnyel kapcsolatosan r\u00e9szletes inform\u00e1ci\u00f3t tal\u00e1l honlapunkon (www.hmaa-hc.hu). \u00dcdv\u00f6zlettel, Amerikai Magyar Orvossz\u00f6vets\u00e9g Magyarorsz\u00e1gi Tagozat&nbsp;Egyes\u00fclet (HMAA-HC) &nbsp;","og_url":"https:\/\/www.hmaa-hc.hu\/en\/abstract-koszono-oldal\/","og_site_name":"HMAA Hungary Chapter","article_modified_time":"2023-01-09T23:00:31+00:00","twitter_card":"summary_large_image","twitter_misc":{"Estimated reading time":"1 minute"},"schema":{"@context":"https:\/\/schema.org","@graph":[{"@type":"WebPage","@id":"https:\/\/www.hmaa-hc.hu\/abstract-koszono-oldal\/","url":"https:\/\/www.hmaa-hc.hu\/abstract-koszono-oldal\/","name":"Abstract k\u00f6sz\u00f6n\u0151 oldal - HMAA Hungary Chapter","isPartOf":{"@id":"https:\/\/www.hmaa-hc.hu\/#website"},"datePublished":"2022-07-01T22:03:48+00:00","dateModified":"2023-01-09T23:00:31+00:00","breadcrumb":{"@id":"https:\/\/www.hmaa-hc.hu\/abstract-koszono-oldal\/#breadcrumb"},"inLanguage":"en-GB","potentialAction":[{"@type":"ReadAction","target":["https:\/\/www.hmaa-hc.hu\/abstract-koszono-oldal\/"]}]},{"@type":"BreadcrumbList","@id":"https:\/\/www.hmaa-hc.hu\/abstract-koszono-oldal\/#breadcrumb","itemListElement":[{"@type":"ListItem","position":1,"name":"Kezd\u0151lap","item":"https:\/\/www.hmaa-hc.hu\/"},{"@type":"ListItem","position":2,"name":"Abstract k\u00f6sz\u00f6n\u0151 oldal"}]},{"@type":"WebSite","@id":"https:\/\/www.hmaa-hc.hu\/#website","url":"https:\/\/www.hmaa-hc.hu\/","name":"HMAA Hungary Chapter","description":"Hungarian American Medical Association, Hungarian Chapter","potentialAction":[{"@type":"SearchAction","target":{"@type":"EntryPoint","urlTemplate":"https:\/\/www.hmaa-hc.hu\/?s={search_term_string}"},"query-input":{"@type":"PropertyValueSpecification","valueRequired":true,"valueName":"search_term_string"}}],"inLanguage":"en-GB"}]}},"_links":{"self":[{"href":"https:\/\/www.hmaa-hc.hu\/en\/wp-json\/wp\/v2\/pages\/803","targetHints":{"allow":["GET"]}}],"collection":[{"href":"https:\/\/www.hmaa-hc.hu\/en\/wp-json\/wp\/v2\/pages"}],"about":[{"href":"https:\/\/www.hmaa-hc.hu\/en\/wp-json\/wp\/v2\/types\/page"}],"author":[{"embeddable":true,"href":"https:\/\/www.hmaa-hc.hu\/en\/wp-json\/wp\/v2\/users\/1"}],"replies":[{"embeddable":true,"href":"https:\/\/www.hmaa-hc.hu\/en\/wp-json\/wp\/v2\/comments?post=803"}],"version-history":[{"count":13,"href":"https:\/\/www.hmaa-hc.hu\/en\/wp-json\/wp\/v2\/pages\/803\/revisions"}],"predecessor-version":[{"id":1378,"href":"https:\/\/www.hmaa-hc.hu\/en\/wp-json\/wp\/v2\/pages\/803\/revisions\/1378"}],"wp:attachment":[{"href":"https:\/\/www.hmaa-hc.hu\/en\/wp-json\/wp\/v2\/media?parent=803"}],"curies":[{"name":"wp","href":"https:\/\/api.w.org\/{rel}","templated":true}]}}