{"id":69,"date":"2022-06-19T11:00:11","date_gmt":"2022-06-19T11:00:11","guid":{"rendered":"https:\/\/www.hmaa-hc.hu\/?page_id=69"},"modified":"2026-01-08T15:13:06","modified_gmt":"2026-01-08T15:13:06","slug":"hirek","status":"publish","type":"page","link":"https:\/\/www.hmaa-hc.hu\/en\/hirek\/","title":{"rendered":"News"},"content":{"rendered":"<div data-elementor-type=\"wp-page\" data-elementor-id=\"69\" class=\"elementor elementor-69\" data-elementor-post-type=\"page\">\n\t\t\t\t\t\t<section class=\"elementor-section elementor-top-section elementor-element elementor-element-2495af0 elementor-section-height-min-height elementor-section-content-middle elementor-section-boxed elementor-section-height-default elementor-section-items-middle\" data-id=\"2495af0\" data-element_type=\"section\" data-e-type=\"section\" data-settings=\"{&quot;background_background&quot;:&quot;classic&quot;}\">\n\t\t\t\t\t\t<div class=\"elementor-container elementor-column-gap-default\">\n\t\t\t\t\t<div class=\"elementor-column elementor-col-100 elementor-top-column elementor-element elementor-element-fef9fd9\" data-id=\"fef9fd9\" data-element_type=\"column\" data-e-type=\"column\" data-settings=\"{&quot;background_background&quot;:&quot;classic&quot;}\">\n\t\t\t<div class=\"elementor-widget-wrap elementor-element-populated\">\n\t\t\t\t\t\t<div class=\"elementor-element elementor-element-c0a5063 elementor-widget elementor-widget-heading\" data-id=\"c0a5063\" data-element_type=\"widget\" data-e-type=\"widget\" data-widget_type=\"heading.default\">\n\t\t\t\t<div class=\"elementor-widget-container\">\n\t\t\t\t\t<h1 class=\"elementor-heading-title elementor-size-default\">News<\/h1>\t\t\t\t<\/div>\n\t\t\t\t<\/div>\n\t\t\t\t\t<\/div>\n\t\t<\/div>\n\t\t\t\t\t<\/div>\n\t\t<\/section>\n\t\t\t\t<section class=\"elementor-section elementor-top-section elementor-element elementor-element-770ae6d elementor-section-boxed elementor-section-height-default elementor-section-height-default\" data-id=\"770ae6d\" data-element_type=\"section\" data-e-type=\"section\">\n\t\t\t\t\t\t<div class=\"elementor-container elementor-column-gap-default\">\n\t\t\t\t\t<div class=\"elementor-column elementor-col-100 elementor-top-column elementor-element elementor-element-cf11510\" data-id=\"cf11510\" data-element_type=\"column\" data-e-type=\"column\">\n\t\t\t<div class=\"elementor-widget-wrap elementor-element-populated\">\n\t\t\t\t\t\t<div class=\"elementor-element elementor-element-83441e7 elementor-posts--thumbnail-none elementor-posts--align-center elementor-grid-4 elementor-grid-tablet-2 elementor-grid-mobile-1 elementor-card-shadow-yes elementor-posts__hover-gradient elementor-widget elementor-widget-posts\" data-id=\"83441e7\" data-element_type=\"widget\" data-e-type=\"widget\" data-settings=\"{&quot;cards_columns&quot;:&quot;4&quot;,&quot;cards_columns_tablet&quot;:&quot;2&quot;,&quot;cards_columns_mobile&quot;:&quot;1&quot;,&quot;cards_row_gap&quot;:{&quot;unit&quot;:&quot;px&quot;,&quot;size&quot;:35,&quot;sizes&quot;:[]},&quot;cards_row_gap_tablet&quot;:{&quot;unit&quot;:&quot;px&quot;,&quot;size&quot;:&quot;&quot;,&quot;sizes&quot;:[]},&quot;cards_row_gap_mobile&quot;:{&quot;unit&quot;:&quot;px&quot;,&quot;size&quot;:&quot;&quot;,&quot;sizes&quot;:[]}}\" data-widget_type=\"posts.cards\">\n\t\t\t\t<div class=\"elementor-widget-container\">\n\t\t\t\t\t\t\t<div class=\"elementor-posts-container elementor-posts elementor-posts--skin-cards elementor-grid\" role=\"list\">\n\t\t\t\t<article class=\"elementor-post elementor-grid-item post-3584 post type-post status-publish format-standard hentry category-uncategorized\" role=\"listitem\">\n\t\t\t<div class=\"elementor-post__card\">\n\t\t\t\t<div class=\"elementor-post__text\">\n\t\t\t\t<h3 class=\"elementor-post__title\">\n\t\t\t<a href=\"https:\/\/www.hmaa-hc.hu\/en\/meghivo-kozgyulesre-2026-02-07\/\" >\n\t\t\t\tInvitation to the General Assembly - 2026.02.07.\t\t\t<\/a>\n\t\t<\/h3>\n\t\t\t\t<div class=\"elementor-post__excerpt\">\n\t\t\t<p>INVITATION to the General Assembly of the HMAA-HC Hungarian Medical Association of America-Hungarian Chapter The HMAA-HC Hungarian Medical Association of America-Hungarian Chapter Association (headquarters: 1 T\u00e1tra utca, 7627 P\u00e9cs, Hungary; hereinafter referred to as \u201eAssociation\u201d)<\/p>\n\t\t<\/div>\n\t\t\n\t\t<a class=\"elementor-post__read-more\" href=\"https:\/\/www.hmaa-hc.hu\/en\/meghivo-kozgyulesre-2026-02-07\/\" aria-label=\"Read more about Invitation to the General Assembly - 2026.02.07.\" tabindex=\"-1\" >\n\t\t\tRead more\t\t<\/a>\n\n\t\t\t\t<\/div>\n\t\t\t\t<div class=\"elementor-post__meta-data\">\n\t\t\t\t\t<span class=\"elementor-post-date\">\n\t\t\t2026.01.23.\t\t<\/span>\n\t\t\t\t<\/div>\n\t\t\t\t\t<\/div>\n\t\t<\/article>\n\t\t\t\t<article class=\"elementor-post elementor-grid-item post-3260 post type-post status-publish format-standard hentry category-uncategorized\" role=\"listitem\">\n\t\t\t<div class=\"elementor-post__card\">\n\t\t\t\t<div class=\"elementor-post__text\">\n\t\t\t\t<h3 class=\"elementor-post__title\">\n\t\t\t<a href=\"https:\/\/www.hmaa-hc.hu\/en\/charity-event\/\" >\n\t\t\t\tCharity Event\t\t\t<\/a>\n\t\t<\/h3>\n\t\t\t\t<div class=\"elementor-post__excerpt\">\n\t\t\t<p>The HMAA - Hungary Chapter is organising a charity event on 22 November (Saturday) in Budapest, at the Semmelweis Salon. Venue:<br \/>\nSemmelweis Salon - 1085 Budapest, \u00dcll\u0151i \u00fat 26., I. floor<\/p>\n\t\t<\/div>\n\t\t\n\t\t<a class=\"elementor-post__read-more\" href=\"https:\/\/www.hmaa-hc.hu\/en\/charity-event\/\" aria-label=\"Read more about Charity Event\" tabindex=\"-1\" >\n\t\t\tRead more\t\t<\/a>\n\n\t\t\t\t<\/div>\n\t\t\t\t<div class=\"elementor-post__meta-data\">\n\t\t\t\t\t<span class=\"elementor-post-date\">\n\t\t\t2025.10.31.\t\t<\/span>\n\t\t\t\t<\/div>\n\t\t\t\t\t<\/div>\n\t\t<\/article>\n\t\t\t\t<article class=\"elementor-post elementor-grid-item post-3151 post type-post status-publish format-standard hentry category-uncategorized\" role=\"listitem\">\n\t\t\t<div class=\"elementor-post__card\">\n\t\t\t\t<div class=\"elementor-post__text\">\n\t\t\t\t<h3 class=\"elementor-post__title\">\n\t\t\t<a href=\"https:\/\/www.hmaa-hc.hu\/en\/meghivo-kozgyulesre-2025-07-05-1000\/\" >\n\t\t\t\tInvitation to the General Assembly 2025.07.05.\t\t\t<\/a>\n\t\t<\/h3>\n\t\t\t\t<div class=\"elementor-post__excerpt\">\n\t\t\t<p>INVITATION As President of the Hungarian Medical Association of America, Hungary Chapter (HMAA HC), I am calling an Annual General Meeting. Date: 05.07.2025 at 10:00 Location. 39.<\/p>\n\t\t<\/div>\n\t\t\n\t\t<a class=\"elementor-post__read-more\" href=\"https:\/\/www.hmaa-hc.hu\/en\/meghivo-kozgyulesre-2025-07-05-1000\/\" aria-label=\"Read more about Invitation to the General Assembly 2025.07.05.\" tabindex=\"-1\" >\n\t\t\tRead more\t\t<\/a>\n\n\t\t\t\t<\/div>\n\t\t\t\t<div class=\"elementor-post__meta-data\">\n\t\t\t\t\t<span class=\"elementor-post-date\">\n\t\t\t2025.06.20.\t\t<\/span>\n\t\t\t\t<\/div>\n\t\t\t\t\t<\/div>\n\t\t<\/article>\n\t\t\t\t<article class=\"elementor-post elementor-grid-item post-2872 post type-post status-publish format-standard hentry category-uncategorized\" role=\"listitem\">\n\t\t\t<div class=\"elementor-post__card\">\n\t\t\t\t<div class=\"elementor-post__text\">\n\t\t\t\t<h3 class=\"elementor-post__title\">\n\t\t\t<a href=\"https:\/\/www.hmaa-hc.hu\/en\/meghivo-kozgyulesre-09-26\/\" >\n\t\t\t\tInvitation to the General Assembly 09.26\t\t\t<\/a>\n\t\t<\/h3>\n\t\t\t\t<div class=\"elementor-post__excerpt\">\n\t\t\t<p>INVITATION to the General Assembly of the HMAA-HC Hungarian American Medical Association - Hungarian Chapter The HMAA-HC Hungarian American Medical Association - Hungarian Chapter (headquarters: 7627 P\u00e9cs, T\u00e1tra utca 1;<\/p>\n\t\t<\/div>\n\t\t\n\t\t<a class=\"elementor-post__read-more\" href=\"https:\/\/www.hmaa-hc.hu\/en\/meghivo-kozgyulesre-09-26\/\" aria-label=\"Read more about Invitation to the General Assembly 09.26\" tabindex=\"-1\" >\n\t\t\tRead more\t\t<\/a>\n\n\t\t\t\t<\/div>\n\t\t\t\t<div class=\"elementor-post__meta-data\">\n\t\t\t\t\t<span class=\"elementor-post-date\">\n\t\t\t2024.09.16.\t\t<\/span>\n\t\t\t\t<\/div>\n\t\t\t\t\t<\/div>\n\t\t<\/article>\n\t\t\t\t<article class=\"elementor-post elementor-grid-item post-2570 post type-post status-publish format-standard hentry category-uncategorized\" role=\"listitem\">\n\t\t\t<div class=\"elementor-post__card\">\n\t\t\t\t<div class=\"elementor-post__text\">\n\t\t\t\t<h3 class=\"elementor-post__title\">\n\t\t\t<a href=\"https:\/\/www.hmaa-hc.hu\/en\/meghivo-kozgyulesre-03-09\/\" >\n\t\t\t\tINVITATION to the General Assembly 03.09\t\t\t<\/a>\n\t\t<\/h3>\n\t\t\t\t<div class=\"elementor-post__excerpt\">\n\t\t\t<p>INVITATION to the General Assembly of the HMAA-HC Hungarian American Medical Association - Hungarian Chapter The HMAA-HC Hungarian American Medical Association - Hungarian Chapter (headquarters: 7627 P\u00e9cs, T\u00e1tra utca 1;<\/p>\n\t\t<\/div>\n\t\t\n\t\t<a class=\"elementor-post__read-more\" href=\"https:\/\/www.hmaa-hc.hu\/en\/meghivo-kozgyulesre-03-09\/\" aria-label=\"Read more about INVITATION to the General Assembly 03.09\" tabindex=\"-1\" >\n\t\t\tRead more\t\t<\/a>\n\n\t\t\t\t<\/div>\n\t\t\t\t<div class=\"elementor-post__meta-data\">\n\t\t\t\t\t<span class=\"elementor-post-date\">\n\t\t\t2024.02.27.\t\t<\/span>\n\t\t\t\t<\/div>\n\t\t\t\t\t<\/div>\n\t\t<\/article>\n\t\t\t\t<article class=\"elementor-post elementor-grid-item post-2131 post type-post status-publish format-standard hentry category-uncategorized\" role=\"listitem\">\n\t\t\t<div class=\"elementor-post__card\">\n\t\t\t\t<div class=\"elementor-post__text\">\n\t\t\t\t<h3 class=\"elementor-post__title\">\n\t\t\t<a href=\"https:\/\/www.hmaa-hc.hu\/en\/meghivo-4\/\" >\n\t\t\t\tNOTICE\t\t\t<\/a>\n\t\t<\/h3>\n\t\t\t\t<div class=\"elementor-post__excerpt\">\n\t\t\t<p>INVITATION to the General Assembly of the HMAA-HC Hungarian American Medical Association - Hungarian Chapter The HMAA-HC Hungarian American Medical Association - Hungarian Chapter (headquarters: 1124 Budapest, F\u00fcrj utca 14\/D; hereinafter:<\/p>\n\t\t<\/div>\n\t\t\n\t\t<a class=\"elementor-post__read-more\" href=\"https:\/\/www.hmaa-hc.hu\/en\/meghivo-4\/\" aria-label=\"Read more about INVITE\" tabindex=\"-1\" >\n\t\t\tRead more\t\t<\/a>\n\n\t\t\t\t<\/div>\n\t\t\t\t<div class=\"elementor-post__meta-data\">\n\t\t\t\t\t<span class=\"elementor-post-date\">\n\t\t\t2023.06.19.\t\t<\/span>\n\t\t\t\t<\/div>\n\t\t\t\t\t<\/div>\n\t\t<\/article>\n\t\t\t\t<article class=\"elementor-post elementor-grid-item post-1818 post type-post status-publish format-standard hentry category-uncategorized\" role=\"listitem\">\n\t\t\t<div class=\"elementor-post__card\">\n\t\t\t\t<div class=\"elementor-post__text\">\n\t\t\t\t<h3 class=\"elementor-post__title\">\n\t\t\t<a href=\"https:\/\/www.hmaa-hc.hu\/en\/meghivo-kozgyulesere\/\" >\n\t\t\t\tINVITATION to the General Assembly\t\t\t<\/a>\n\t\t<\/h3>\n\t\t\t\t<div class=\"elementor-post__excerpt\">\n\t\t\t<p>\u00a0 The President of the HMAA-HC Hungarian Medical Association of America - Hungarian Chapter Association (headquarters: 1124 Budapest, F\u00fcrj utca 14\/D; hereinafter referred to as \"Association\"), Prof. Dr. \u00c1kos Koller, hereby<\/p>\n\t\t<\/div>\n\t\t\n\t\t<a class=\"elementor-post__read-more\" href=\"https:\/\/www.hmaa-hc.hu\/en\/meghivo-kozgyulesere\/\" aria-label=\"Read more about INVITATION to the General Assembly\" tabindex=\"-1\" >\n\t\t\tRead more\t\t<\/a>\n\n\t\t\t\t<\/div>\n\t\t\t\t<div class=\"elementor-post__meta-data\">\n\t\t\t\t\t<span class=\"elementor-post-date\">\n\t\t\t2023.05.29.\t\t<\/span>\n\t\t\t\t<\/div>\n\t\t\t\t\t<\/div>\n\t\t<\/article>\n\t\t\t\t<article class=\"elementor-post elementor-grid-item post-1471 post type-post status-publish format-standard hentry category-uncategorized\" role=\"listitem\">\n\t\t\t<div class=\"elementor-post__card\">\n\t\t\t\t<div class=\"elementor-post__text\">\n\t\t\t\t<h3 class=\"elementor-post__title\">\n\t\t\t<a href=\"https:\/\/www.hmaa-hc.hu\/en\/meghivo-kozgyulesre\/\" >\n\t\t\t\tInvitation\t\t\t<\/a>\n\t\t<\/h3>\n\t\t\t\t<div class=\"elementor-post__excerpt\">\n\t\t\t<p>INVITATION to the General Assembly of the HMAA-HC Hungarian Medical Association of America - Hungary Chapter. The HMAA-HC Hungarian Medical Association of America - Hungarian Chapter Association (headquarters: 1124Budapest, F\u00fcrj utca 14\/D; at<\/p>\n\t\t<\/div>\n\t\t\n\t\t<a class=\"elementor-post__read-more\" href=\"https:\/\/www.hmaa-hc.hu\/en\/meghivo-kozgyulesre\/\" aria-label=\"Read more about Invitation\" tabindex=\"-1\" >\n\t\t\tRead more\t\t<\/a>\n\n\t\t\t\t<\/div>\n\t\t\t\t<div class=\"elementor-post__meta-data\">\n\t\t\t\t\t<span class=\"elementor-post-date\">\n\t\t\t2023.02.23.\t\t<\/span>\n\t\t\t\t<\/div>\n\t\t\t\t\t<\/div>\n\t\t<\/article>\n\t\t\t\t<\/div>\n\t\t\n\t\t\t\t\t\t<\/div>\n\t\t\t\t<\/div>\n\t\t\t\t\t<\/div>\n\t\t<\/div>\n\t\t\t\t\t<\/div>\n\t\t<\/section>\n\t\t\t\t<\/div>","protected":false},"excerpt":{"rendered":"<p>News<\/p>","protected":false},"author":1,"featured_media":0,"parent":0,"menu_order":0,"comment_status":"closed","ping_status":"closed","template":"elementor_header_footer","meta":{"footnotes":""},"class_list":["post-69","page","type-page","status-publish","hentry"],"yoast_head":"<!-- This site is optimized with the Yoast SEO plugin v27.4 - https:\/\/yoast.com\/product\/yoast-seo-wordpress\/ -->\n<title>H\u00edrek - HMAA Hungary Chapter<\/title>\n<meta name=\"robots\" content=\"index, follow, max-snippet:-1, max-image-preview:large, max-video-preview:-1\" \/>\n<link rel=\"canonical\" href=\"https:\/\/www.hmaa-hc.hu\/en\/hirek\/\" \/>\n<meta property=\"og:locale\" content=\"en_GB\" \/>\n<meta property=\"og:type\" content=\"article\" \/>\n<meta property=\"og:title\" content=\"H\u00edrek - HMAA Hungary Chapter\" \/>\n<meta property=\"og:description\" content=\"H\u00edrek\" \/>\n<meta property=\"og:url\" content=\"https:\/\/www.hmaa-hc.hu\/en\/hirek\/\" \/>\n<meta property=\"og:site_name\" content=\"HMAA Hungary Chapter\" \/>\n<meta property=\"article:modified_time\" content=\"2026-01-08T15:13:06+00:00\" \/>\n<meta name=\"twitter:card\" content=\"summary_large_image\" \/>\n<meta name=\"twitter:label1\" content=\"Estimated reading time\" \/>\n\t<meta name=\"twitter:data1\" content=\"4 minutes\" \/>\n<script type=\"application\/ld+json\" class=\"yoast-schema-graph\">{\"@context\":\"https:\\\/\\\/schema.org\",\"@graph\":[{\"@type\":\"WebPage\",\"@id\":\"https:\\\/\\\/www.hmaa-hc.hu\\\/hirek\\\/\",\"url\":\"https:\\\/\\\/www.hmaa-hc.hu\\\/hirek\\\/\",\"name\":\"H\u00edrek - HMAA Hungary Chapter\",\"isPartOf\":{\"@id\":\"https:\\\/\\\/www.hmaa-hc.hu\\\/#website\"},\"datePublished\":\"2022-06-19T11:00:11+00:00\",\"dateModified\":\"2026-01-08T15:13:06+00:00\",\"breadcrumb\":{\"@id\":\"https:\\\/\\\/www.hmaa-hc.hu\\\/hirek\\\/#breadcrumb\"},\"inLanguage\":\"en-GB\",\"potentialAction\":[{\"@type\":\"ReadAction\",\"target\":[\"https:\\\/\\\/www.hmaa-hc.hu\\\/hirek\\\/\"]}]},{\"@type\":\"BreadcrumbList\",\"@id\":\"https:\\\/\\\/www.hmaa-hc.hu\\\/hirek\\\/#breadcrumb\",\"itemListElement\":[{\"@type\":\"ListItem\",\"position\":1,\"name\":\"Kezd\u0151lap\",\"item\":\"https:\\\/\\\/www.hmaa-hc.hu\\\/\"},{\"@type\":\"ListItem\",\"position\":2,\"name\":\"H\u00edrek\"}]},{\"@type\":\"WebSite\",\"@id\":\"https:\\\/\\\/www.hmaa-hc.hu\\\/#website\",\"url\":\"https:\\\/\\\/www.hmaa-hc.hu\\\/\",\"name\":\"HMAA Hungary Chapter\",\"description\":\"Amerikai Magyar Orvossz\u00f6vets\u00e9g magyarorsz\u00e1gi tagozata\",\"potentialAction\":[{\"@type\":\"SearchAction\",\"target\":{\"@type\":\"EntryPoint\",\"urlTemplate\":\"https:\\\/\\\/www.hmaa-hc.hu\\\/?s={search_term_string}\"},\"query-input\":{\"@type\":\"PropertyValueSpecification\",\"valueRequired\":true,\"valueName\":\"search_term_string\"}}],\"inLanguage\":\"en-GB\"}]}<\/script>\n<!-- \/ Yoast SEO plugin. -->","yoast_head_json":{"title":"News - HMAA Hungary Chapter","robots":{"index":"index","follow":"follow","max-snippet":"max-snippet:-1","max-image-preview":"max-image-preview:large","max-video-preview":"max-video-preview:-1"},"canonical":"https:\/\/www.hmaa-hc.hu\/en\/hirek\/","og_locale":"en_GB","og_type":"article","og_title":"H\u00edrek - HMAA Hungary Chapter","og_description":"H\u00edrek","og_url":"https:\/\/www.hmaa-hc.hu\/en\/hirek\/","og_site_name":"HMAA Hungary Chapter","article_modified_time":"2026-01-08T15:13:06+00:00","twitter_card":"summary_large_image","twitter_misc":{"Estimated reading time":"4 minutes"},"schema":{"@context":"https:\/\/schema.org","@graph":[{"@type":"WebPage","@id":"https:\/\/www.hmaa-hc.hu\/hirek\/","url":"https:\/\/www.hmaa-hc.hu\/hirek\/","name":"News - HMAA Hungary Chapter","isPartOf":{"@id":"https:\/\/www.hmaa-hc.hu\/#website"},"datePublished":"2022-06-19T11:00:11+00:00","dateModified":"2026-01-08T15:13:06+00:00","breadcrumb":{"@id":"https:\/\/www.hmaa-hc.hu\/hirek\/#breadcrumb"},"inLanguage":"en-GB","potentialAction":[{"@type":"ReadAction","target":["https:\/\/www.hmaa-hc.hu\/hirek\/"]}]},{"@type":"BreadcrumbList","@id":"https:\/\/www.hmaa-hc.hu\/hirek\/#breadcrumb","itemListElement":[{"@type":"ListItem","position":1,"name":"Kezd\u0151lap","item":"https:\/\/www.hmaa-hc.hu\/"},{"@type":"ListItem","position":2,"name":"H\u00edrek"}]},{"@type":"WebSite","@id":"https:\/\/www.hmaa-hc.hu\/#website","url":"https:\/\/www.hmaa-hc.hu\/","name":"HMAA Hungary Chapter","description":"Hungarian American Medical Association, Hungarian Chapter","potentialAction":[{"@type":"SearchAction","target":{"@type":"EntryPoint","urlTemplate":"https:\/\/www.hmaa-hc.hu\/?s={search_term_string}"},"query-input":{"@type":"PropertyValueSpecification","valueRequired":true,"valueName":"search_term_string"}}],"inLanguage":"en-GB"}]}},"_links":{"self":[{"href":"https:\/\/www.hmaa-hc.hu\/en\/wp-json\/wp\/v2\/pages\/69","targetHints":{"allow":["GET"]}}],"collection":[{"href":"https:\/\/www.hmaa-hc.hu\/en\/wp-json\/wp\/v2\/pages"}],"about":[{"href":"https:\/\/www.hmaa-hc.hu\/en\/wp-json\/wp\/v2\/types\/page"}],"author":[{"embeddable":true,"href":"https:\/\/www.hmaa-hc.hu\/en\/wp-json\/wp\/v2\/users\/1"}],"replies":[{"embeddable":true,"href":"https:\/\/www.hmaa-hc.hu\/en\/wp-json\/wp\/v2\/comments?post=69"}],"version-history":[{"count":46,"href":"https:\/\/www.hmaa-hc.hu\/en\/wp-json\/wp\/v2\/pages\/69\/revisions"}],"predecessor-version":[{"id":3364,"href":"https:\/\/www.hmaa-hc.hu\/en\/wp-json\/wp\/v2\/pages\/69\/revisions\/3364"}],"wp:attachment":[{"href":"https:\/\/www.hmaa-hc.hu\/en\/wp-json\/wp\/v2\/media?parent=69"}],"curies":[{"name":"wp","href":"https:\/\/api.w.org\/{rel}","templated":true}]}}