{"id":3341,"date":"2026-01-08T13:08:22","date_gmt":"2026-01-08T13:08:22","guid":{"rendered":"https:\/\/www.hmaa-hc.hu\/?page_id=3341"},"modified":"2026-01-08T15:21:33","modified_gmt":"2026-01-08T15:21:33","slug":"cseregyakorlatok","status":"publish","type":"page","link":"https:\/\/www.hmaa-hc.hu\/en\/cseregyakorlatok\/","title":{"rendered":"Exchange exercises"},"content":{"rendered":"<div data-elementor-type=\"wp-page\" data-elementor-id=\"3341\" class=\"elementor elementor-3341\" data-elementor-post-type=\"page\">\n\t\t\t\t\t\t<section class=\"elementor-section elementor-top-section elementor-element elementor-element-af393a6 elementor-section-height-min-height elementor-section-content-middle elementor-section-boxed elementor-section-height-default elementor-section-items-middle\" data-id=\"af393a6\" data-element_type=\"section\" data-e-type=\"section\" data-settings=\"{&quot;background_background&quot;:&quot;classic&quot;}\">\n\t\t\t\t\t\t<div class=\"elementor-container elementor-column-gap-default\">\n\t\t\t\t\t<div class=\"elementor-column elementor-col-100 elementor-top-column elementor-element elementor-element-7b3bd50\" data-id=\"7b3bd50\" data-element_type=\"column\" data-e-type=\"column\" data-settings=\"{&quot;background_background&quot;:&quot;classic&quot;}\">\n\t\t\t<div class=\"elementor-widget-wrap elementor-element-populated\">\n\t\t\t\t\t\t<div class=\"elementor-element elementor-element-a62df6e elementor-widget elementor-widget-heading\" data-id=\"a62df6e\" data-element_type=\"widget\" data-e-type=\"widget\" data-widget_type=\"heading.default\">\n\t\t\t\t<div class=\"elementor-widget-container\">\n\t\t\t\t\t<h1 class=\"elementor-heading-title elementor-size-default\">Exchange programmes<\/h1>\t\t\t\t<\/div>\n\t\t\t\t<\/div>\n\t\t\t\t\t<\/div>\n\t\t<\/div>\n\t\t\t\t\t<\/div>\n\t\t<\/section>\n\t\t\t\t<section class=\"elementor-section elementor-top-section elementor-element elementor-element-937f7b2 elementor-section-height-min-height elementor-section-boxed elementor-section-height-default elementor-section-items-middle\" data-id=\"937f7b2\" data-element_type=\"section\" data-e-type=\"section\" data-settings=\"{&quot;background_background&quot;:&quot;classic&quot;}\">\n\t\t\t\t\t\t<div class=\"elementor-container elementor-column-gap-default\">\n\t\t\t\t\t<div class=\"elementor-column elementor-col-100 elementor-top-column elementor-element elementor-element-e994cf3 animated-slow elementor-invisible\" data-id=\"e994cf3\" data-element_type=\"column\" data-e-type=\"column\" data-settings=\"{&quot;animation&quot;:&quot;fadeIn&quot;,&quot;background_background&quot;:&quot;classic&quot;}\">\n\t\t\t<div class=\"elementor-widget-wrap elementor-element-populated\">\n\t\t\t\t\t<div class=\"elementor-background-overlay\"><\/div>\n\t\t\t\t\t\t<section class=\"elementor-section elementor-inner-section elementor-element elementor-element-4268a67 elementor-section-boxed elementor-section-height-default elementor-section-height-default\" data-id=\"4268a67\" data-element_type=\"section\" data-e-type=\"section\">\n\t\t\t\t\t\t<div class=\"elementor-container elementor-column-gap-default\">\n\t\t\t\t\t<div class=\"elementor-column elementor-col-100 elementor-inner-column elementor-element elementor-element-6a55c9d\" data-id=\"6a55c9d\" data-element_type=\"column\" data-e-type=\"column\">\n\t\t\t<div class=\"elementor-widget-wrap elementor-element-populated\">\n\t\t\t\t\t\t<div class=\"elementor-element elementor-element-24aa942 elementor-invisible elementor-widget elementor-widget-text-editor\" data-id=\"24aa942\" data-element_type=\"widget\" data-e-type=\"widget\" data-settings=\"{&quot;_animation&quot;:&quot;fadeIn&quot;}\" data-widget_type=\"text-editor.default\">\n\t\t\t\t<div class=\"elementor-widget-container\">\n\t\t\t\t\t\t\t\t\t<p><b>The Houston Methodist Hospital and Buffalo\u00a0<\/b><span style=\"font-weight: bolder; font-size: 1rem;\">ADent Neurological Institute and Roswell Park Cancer Institute<\/span><b style=\"font-size: 1rem;\">\u00a0has an agreement with the four Hungarian medical universities to provide a 12-week placement for medical students in their 6th year <\/b><span style=\"font-size: 1rem;\">(you must apply for the programme in year 5).<\/span><\/p><p>Rotations start four times a year. The exact dates are set by the HMAA at the beginning of the year (shortly after the interview).<b> A total of 12 students can participate <\/b>(12 students 3 weeks\/week).<\/p><p><b>The aim of the programmes is to facilitate exchanges of medical students and to increase experience and knowledge between the medical schools involved. Through this programme, the HMAA enables students to develop their medical knowledge and build long-term professional relationships, which will contribute to better healthcare in Hungary.<\/b><\/p><p><strong>This programme is sponsored and managed by the HUNGARIAN MUNICIPAL ASSOCIATION OF AMERICA, HMAA <span style=\"color: #0d4471;\"><a style=\"color: #0d4471; text-decoration: underline;\" href=\"https:\/\/hmaa.org\/study-in-buffalo-ny-application-deadline-may-1-2022\/\">(www.hmaa.org).<\/a><\/span><\/strong><\/p>\t\t\t\t\t\t\t\t<\/div>\n\t\t\t\t<\/div>\n\t\t\t\t<div class=\"elementor-element elementor-element-8825414 elementor-align-left elementor-mobile-align-center elementor-widget elementor-widget-button\" data-id=\"8825414\" data-element_type=\"widget\" data-e-type=\"widget\" data-widget_type=\"button.default\">\n\t\t\t\t<div class=\"elementor-widget-container\">\n\t\t\t\t\t\t\t\t\t<div class=\"elementor-button-wrapper\">\n\t\t\t\t\t<a class=\"elementor-button elementor-button-link elementor-size-sm\" href=\"https:\/\/hmaa.org\/programs\" target=\"_blank\">\n\t\t\t\t\t\t<span class=\"elementor-button-content-wrapper\">\n\t\t\t\t\t\t\t\t\t<span class=\"elementor-button-text\">More information<\/span>\n\t\t\t\t\t<\/span>\n\t\t\t\t\t<\/a>\n\t\t\t\t<\/div>\n\t\t\t\t\t\t\t\t<\/div>\n\t\t\t\t<\/div>\n\t\t\t\t\t<\/div>\n\t\t<\/div>\n\t\t\t\t\t<\/div>\n\t\t<\/section>\n\t\t\t\t\t<\/div>\n\t\t<\/div>\n\t\t\t\t\t<\/div>\n\t\t<\/section>\n\t\t\t\t<\/div>","protected":false},"excerpt":{"rendered":"<p>Csereprogramok A Houstoni Methodist K\u00f3rh\u00e1z \u00e9s a Buffaloi\u00a0ADent Neurol\u00f3giai Int\u00e9zet \u00e9s a Roswell Park R\u00e1kkutat\u00f3 Int\u00e9zet\u00a0meg\u00e1llapod\u00e1st k\u00f6t\u00f6tt a n\u00e9gy orvostudom\u00e1nyt oktat\u00f3 magyar egyetemmel, hogy 12 hetes gyakorlatot biztos\u00edt azoknak az orvostanhallgat\u00f3knak, akik 6. \u00e9vben vannak (a programra az 5. \u00e9vben kell jelentkezni). A rot\u00e1ci\u00f3k \u00e9vente n\u00e9gyszer kezd\u0151dnek. A pontos d\u00e1tumokat a HMAA hat\u00e1rozza meg \u00e9v [&hellip;]<\/p>\n","protected":false},"author":1,"featured_media":0,"parent":0,"menu_order":0,"comment_status":"closed","ping_status":"closed","template":"elementor_header_footer","meta":{"footnotes":""},"class_list":["post-3341","page","type-page","status-publish","hentry"],"yoast_head":"<!-- This site is optimized with the Yoast SEO plugin v27.4 - https:\/\/yoast.com\/product\/yoast-seo-wordpress\/ -->\n<title>Cseregyakorlatok - HMAA Hungary Chapter<\/title>\n<meta name=\"robots\" content=\"index, follow, max-snippet:-1, max-image-preview:large, max-video-preview:-1\" \/>\n<link rel=\"canonical\" href=\"https:\/\/www.hmaa-hc.hu\/en\/cseregyakorlatok\/\" \/>\n<meta property=\"og:locale\" content=\"en_GB\" \/>\n<meta property=\"og:type\" content=\"article\" \/>\n<meta property=\"og:title\" content=\"Cseregyakorlatok - HMAA Hungary Chapter\" \/>\n<meta property=\"og:description\" content=\"Csereprogramok A Houstoni Methodist K\u00f3rh\u00e1z \u00e9s a Buffaloi\u00a0ADent Neurol\u00f3giai Int\u00e9zet \u00e9s a Roswell Park R\u00e1kkutat\u00f3 Int\u00e9zet\u00a0meg\u00e1llapod\u00e1st k\u00f6t\u00f6tt a n\u00e9gy orvostudom\u00e1nyt oktat\u00f3 magyar egyetemmel, hogy 12 hetes gyakorlatot biztos\u00edt azoknak az orvostanhallgat\u00f3knak, akik 6. \u00e9vben vannak (a programra az 5. \u00e9vben kell jelentkezni). A rot\u00e1ci\u00f3k \u00e9vente n\u00e9gyszer kezd\u0151dnek. A pontos d\u00e1tumokat a HMAA hat\u00e1rozza meg \u00e9v [&hellip;]\" \/>\n<meta property=\"og:url\" content=\"https:\/\/www.hmaa-hc.hu\/en\/cseregyakorlatok\/\" \/>\n<meta property=\"og:site_name\" content=\"HMAA Hungary Chapter\" \/>\n<meta property=\"article:modified_time\" content=\"2026-01-08T15:21:33+00:00\" \/>\n<meta name=\"twitter:card\" content=\"summary_large_image\" \/>\n<meta name=\"twitter:label1\" content=\"Estimated reading time\" \/>\n\t<meta name=\"twitter:data1\" content=\"2 minutes\" \/>\n<script type=\"application\/ld+json\" class=\"yoast-schema-graph\">{\"@context\":\"https:\\\/\\\/schema.org\",\"@graph\":[{\"@type\":\"WebPage\",\"@id\":\"https:\\\/\\\/www.hmaa-hc.hu\\\/cseregyakorlatok\\\/\",\"url\":\"https:\\\/\\\/www.hmaa-hc.hu\\\/cseregyakorlatok\\\/\",\"name\":\"Cseregyakorlatok - HMAA Hungary Chapter\",\"isPartOf\":{\"@id\":\"https:\\\/\\\/www.hmaa-hc.hu\\\/#website\"},\"datePublished\":\"2026-01-08T13:08:22+00:00\",\"dateModified\":\"2026-01-08T15:21:33+00:00\",\"breadcrumb\":{\"@id\":\"https:\\\/\\\/www.hmaa-hc.hu\\\/cseregyakorlatok\\\/#breadcrumb\"},\"inLanguage\":\"en-GB\",\"potentialAction\":[{\"@type\":\"ReadAction\",\"target\":[\"https:\\\/\\\/www.hmaa-hc.hu\\\/cseregyakorlatok\\\/\"]}]},{\"@type\":\"BreadcrumbList\",\"@id\":\"https:\\\/\\\/www.hmaa-hc.hu\\\/cseregyakorlatok\\\/#breadcrumb\",\"itemListElement\":[{\"@type\":\"ListItem\",\"position\":1,\"name\":\"Kezd\u0151lap\",\"item\":\"https:\\\/\\\/www.hmaa-hc.hu\\\/\"},{\"@type\":\"ListItem\",\"position\":2,\"name\":\"Cseregyakorlatok\"}]},{\"@type\":\"WebSite\",\"@id\":\"https:\\\/\\\/www.hmaa-hc.hu\\\/#website\",\"url\":\"https:\\\/\\\/www.hmaa-hc.hu\\\/\",\"name\":\"HMAA Hungary Chapter\",\"description\":\"Amerikai Magyar Orvossz\u00f6vets\u00e9g magyarorsz\u00e1gi tagozata\",\"potentialAction\":[{\"@type\":\"SearchAction\",\"target\":{\"@type\":\"EntryPoint\",\"urlTemplate\":\"https:\\\/\\\/www.hmaa-hc.hu\\\/?s={search_term_string}\"},\"query-input\":{\"@type\":\"PropertyValueSpecification\",\"valueRequired\":true,\"valueName\":\"search_term_string\"}}],\"inLanguage\":\"en-GB\"}]}<\/script>\n<!-- \/ Yoast SEO plugin. -->","yoast_head_json":{"title":"Exchanges - HMAA Hungary Chapter","robots":{"index":"index","follow":"follow","max-snippet":"max-snippet:-1","max-image-preview":"max-image-preview:large","max-video-preview":"max-video-preview:-1"},"canonical":"https:\/\/www.hmaa-hc.hu\/en\/cseregyakorlatok\/","og_locale":"en_GB","og_type":"article","og_title":"Cseregyakorlatok - HMAA Hungary Chapter","og_description":"Csereprogramok A Houstoni Methodist K\u00f3rh\u00e1z \u00e9s a Buffaloi\u00a0ADent Neurol\u00f3giai Int\u00e9zet \u00e9s a Roswell Park R\u00e1kkutat\u00f3 Int\u00e9zet\u00a0meg\u00e1llapod\u00e1st k\u00f6t\u00f6tt a n\u00e9gy orvostudom\u00e1nyt oktat\u00f3 magyar egyetemmel, hogy 12 hetes gyakorlatot biztos\u00edt azoknak az orvostanhallgat\u00f3knak, akik 6. \u00e9vben vannak (a programra az 5. \u00e9vben kell jelentkezni). A rot\u00e1ci\u00f3k \u00e9vente n\u00e9gyszer kezd\u0151dnek. A pontos d\u00e1tumokat a HMAA hat\u00e1rozza meg \u00e9v [&hellip;]","og_url":"https:\/\/www.hmaa-hc.hu\/en\/cseregyakorlatok\/","og_site_name":"HMAA Hungary Chapter","article_modified_time":"2026-01-08T15:21:33+00:00","twitter_card":"summary_large_image","twitter_misc":{"Estimated reading time":"2 minutes"},"schema":{"@context":"https:\/\/schema.org","@graph":[{"@type":"WebPage","@id":"https:\/\/www.hmaa-hc.hu\/cseregyakorlatok\/","url":"https:\/\/www.hmaa-hc.hu\/cseregyakorlatok\/","name":"Exchanges - HMAA Hungary Chapter","isPartOf":{"@id":"https:\/\/www.hmaa-hc.hu\/#website"},"datePublished":"2026-01-08T13:08:22+00:00","dateModified":"2026-01-08T15:21:33+00:00","breadcrumb":{"@id":"https:\/\/www.hmaa-hc.hu\/cseregyakorlatok\/#breadcrumb"},"inLanguage":"en-GB","potentialAction":[{"@type":"ReadAction","target":["https:\/\/www.hmaa-hc.hu\/cseregyakorlatok\/"]}]},{"@type":"BreadcrumbList","@id":"https:\/\/www.hmaa-hc.hu\/cseregyakorlatok\/#breadcrumb","itemListElement":[{"@type":"ListItem","position":1,"name":"Kezd\u0151lap","item":"https:\/\/www.hmaa-hc.hu\/"},{"@type":"ListItem","position":2,"name":"Cseregyakorlatok"}]},{"@type":"WebSite","@id":"https:\/\/www.hmaa-hc.hu\/#website","url":"https:\/\/www.hmaa-hc.hu\/","name":"HMAA Hungary Chapter","description":"Hungarian American Medical Association, Hungarian Chapter","potentialAction":[{"@type":"SearchAction","target":{"@type":"EntryPoint","urlTemplate":"https:\/\/www.hmaa-hc.hu\/?s={search_term_string}"},"query-input":{"@type":"PropertyValueSpecification","valueRequired":true,"valueName":"search_term_string"}}],"inLanguage":"en-GB"}]}},"_links":{"self":[{"href":"https:\/\/www.hmaa-hc.hu\/en\/wp-json\/wp\/v2\/pages\/3341","targetHints":{"allow":["GET"]}}],"collection":[{"href":"https:\/\/www.hmaa-hc.hu\/en\/wp-json\/wp\/v2\/pages"}],"about":[{"href":"https:\/\/www.hmaa-hc.hu\/en\/wp-json\/wp\/v2\/types\/page"}],"author":[{"embeddable":true,"href":"https:\/\/www.hmaa-hc.hu\/en\/wp-json\/wp\/v2\/users\/1"}],"replies":[{"embeddable":true,"href":"https:\/\/www.hmaa-hc.hu\/en\/wp-json\/wp\/v2\/comments?post=3341"}],"version-history":[{"count":15,"href":"https:\/\/www.hmaa-hc.hu\/en\/wp-json\/wp\/v2\/pages\/3341\/revisions"}],"predecessor-version":[{"id":3373,"href":"https:\/\/www.hmaa-hc.hu\/en\/wp-json\/wp\/v2\/pages\/3341\/revisions\/3373"}],"wp:attachment":[{"href":"https:\/\/www.hmaa-hc.hu\/en\/wp-json\/wp\/v2\/media?parent=3341"}],"curies":[{"name":"wp","href":"https:\/\/api.w.org\/{rel}","templated":true}]}}