{"id":3247,"date":"2025-10-31T19:47:16","date_gmt":"2025-10-31T19:47:16","guid":{"rendered":"https:\/\/www.hmaa-hc.hu\/?page_id=3247"},"modified":"2025-11-03T06:49:17","modified_gmt":"2025-11-03T06:49:17","slug":"sikeres-jegyvasarlas","status":"publish","type":"page","link":"https:\/\/www.hmaa-hc.hu\/en\/sikeres-jegyvasarlas\/","title":{"rendered":"Successful ticket purchase"},"content":{"rendered":"<div data-elementor-type=\"wp-page\" data-elementor-id=\"3247\" class=\"elementor elementor-3247\" data-elementor-post-type=\"page\">\n\t\t\t\t\t\t<section class=\"elementor-section elementor-top-section elementor-element elementor-element-fbc5dd7 elementor-section-boxed elementor-section-height-default elementor-section-height-default\" data-id=\"fbc5dd7\" data-element_type=\"section\" data-e-type=\"section\" data-settings=\"{&quot;background_background&quot;:&quot;classic&quot;}\">\n\t\t\t\t\t\t<div class=\"elementor-container elementor-column-gap-default\">\n\t\t\t\t\t<div class=\"elementor-column elementor-col-100 elementor-top-column elementor-element elementor-element-9c0218e animated-slow elementor-invisible\" data-id=\"9c0218e\" data-element_type=\"column\" data-e-type=\"column\" data-settings=\"{&quot;animation&quot;:&quot;fadeIn&quot;,&quot;background_background&quot;:&quot;classic&quot;}\">\n\t\t\t<div class=\"elementor-widget-wrap elementor-element-populated\">\n\t\t\t\t\t<div class=\"elementor-background-overlay\"><\/div>\n\t\t\t\t\t\t<div class=\"elementor-element elementor-element-7b75257 elementor-view-default elementor-widget elementor-widget-icon\" data-id=\"7b75257\" data-element_type=\"widget\" data-e-type=\"widget\" data-widget_type=\"icon.default\">\n\t\t\t\t<div class=\"elementor-widget-container\">\n\t\t\t\t\t\t\t<div class=\"elementor-icon-wrapper\">\n\t\t\t<div class=\"elementor-icon\">\n\t\t\t<i aria-hidden=\"true\" class=\"far fa-check-circle\"><\/i>\t\t\t<\/div>\n\t\t<\/div>\n\t\t\t\t\t\t<\/div>\n\t\t\t\t<\/div>\n\t\t\t\t<div class=\"elementor-element elementor-element-cfc0c4e animated-slow elementor-invisible elementor-widget elementor-widget-heading\" data-id=\"cfc0c4e\" data-element_type=\"widget\" data-e-type=\"widget\" data-settings=\"{&quot;_animation&quot;:&quot;fadeIn&quot;}\" data-widget_type=\"heading.default\">\n\t\t\t\t<div class=\"elementor-widget-container\">\n\t\t\t\t\t<h1 class=\"elementor-heading-title elementor-size-default\">Thank you! <\/h1>\t\t\t\t<\/div>\n\t\t\t\t<\/div>\n\t\t\t\t<div class=\"elementor-element elementor-element-7e0bbf9 animated-slow elementor-invisible elementor-widget elementor-widget-heading\" data-id=\"7e0bbf9\" data-element_type=\"widget\" data-e-type=\"widget\" data-settings=\"{&quot;_animation&quot;:&quot;fadeIn&quot;}\" data-widget_type=\"heading.default\">\n\t\t\t\t<div class=\"elementor-widget-container\">\n\t\t\t\t\t<h2 class=\"elementor-heading-title elementor-size-default\">You have successfully purchased your ticket to our charity event!<\/h2>\t\t\t\t<\/div>\n\t\t\t\t<\/div>\n\t\t\t\t<div class=\"elementor-element elementor-element-5b7c15d elementor-invisible elementor-widget elementor-widget-text-editor\" data-id=\"5b7c15d\" data-element_type=\"widget\" data-e-type=\"widget\" data-settings=\"{&quot;_animation&quot;:&quot;fadeIn&quot;}\" data-widget_type=\"text-editor.default\">\n\t\t\t\t<div class=\"elementor-widget-container\">\n\t\t\t\t\t\t\t\t\t<p>We are truly grateful for your support and contribution to the work of our community.<\/p>\n<p>The electronic invoice will be sent shortly to the email address you have provided.<\/p>\n<p dir=\"auto\">Thank you for your generosity, and if you will be attending the event, we look forward to welcoming you in person!<\/p>\t\t\t\t\t\t\t\t<\/div>\n\t\t\t\t<\/div>\n\t\t\t\t<div class=\"elementor-element elementor-element-b329b32 elementor-align-center elementor-widget elementor-widget-button\" data-id=\"b329b32\" data-element_type=\"widget\" data-e-type=\"widget\" data-widget_type=\"button.default\">\n\t\t\t\t<div class=\"elementor-widget-container\">\n\t\t\t\t\t\t\t\t\t<div class=\"elementor-button-wrapper\">\n\t\t\t\t\t<a class=\"elementor-button elementor-button-link elementor-size-sm\" href=\"https:\/\/www.hmaa-hc.hu\/en\/\">\n\t\t\t\t\t\t<span class=\"elementor-button-content-wrapper\">\n\t\t\t\t\t\t\t\t\t<span class=\"elementor-button-text\">Back to the main page<\/span>\n\t\t\t\t\t<\/span>\n\t\t\t\t\t<\/a>\n\t\t\t\t<\/div>\n\t\t\t\t\t\t\t\t<\/div>\n\t\t\t\t<\/div>\n\t\t\t\t\t<\/div>\n\t\t<\/div>\n\t\t\t\t\t<\/div>\n\t\t<\/section>\n\t\t\t\t<\/div>","protected":false},"excerpt":{"rendered":"<p>K\u00f6sz\u00f6nj\u00fck! \u00d6n sikeresen megv\u00e1s\u00e1rolta jegy\u00e9t a j\u00f3t\u00e9konys\u00e1gi rendezv\u00e9ny\u00fcnkre! Nagyon h\u00e1l\u00e1sak vagyunk, hogy t\u00e1mogat\u00e1s\u00e1val hozz\u00e1j\u00e1rul k\u00f6z\u00f6ss\u00e9g\u00fcnk munk\u00e1j\u00e1hoz! Az elektronikusan ki\u00e1ll\u00edtott sz\u00e1ml\u00e1t hamarosan az \u00d6n \u00e1ltal megadott email c\u00edmre k\u00fcldeni fogjuk. K\u00f6sz\u00f6nj\u00fck t\u00e1mogat\u00e1s\u00e1t, amennyiben r\u00e9szt vesz az esem\u00e9nyen, szeretettel v\u00e1rjuk! Vissza a f\u0151oldalra<\/p>","protected":false},"author":1,"featured_media":0,"parent":0,"menu_order":0,"comment_status":"closed","ping_status":"closed","template":"elementor_header_footer","meta":{"footnotes":""},"class_list":["post-3247","page","type-page","status-publish","hentry"],"yoast_head":"<!-- This site is optimized with the Yoast SEO plugin v27.4 - https:\/\/yoast.com\/product\/yoast-seo-wordpress\/ -->\n<title>Sikeres jegyv\u00e1s\u00e1rl\u00e1s - HMAA Hungary Chapter<\/title>\n<meta name=\"robots\" content=\"index, follow, max-snippet:-1, max-image-preview:large, max-video-preview:-1\" \/>\n<link rel=\"canonical\" href=\"https:\/\/www.hmaa-hc.hu\/en\/sikeres-jegyvasarlas\/\" \/>\n<meta property=\"og:locale\" content=\"en_GB\" \/>\n<meta property=\"og:type\" content=\"article\" \/>\n<meta property=\"og:title\" content=\"Sikeres jegyv\u00e1s\u00e1rl\u00e1s - HMAA Hungary Chapter\" \/>\n<meta property=\"og:description\" content=\"K\u00f6sz\u00f6nj\u00fck! \u00d6n sikeresen megv\u00e1s\u00e1rolta jegy\u00e9t a j\u00f3t\u00e9konys\u00e1gi rendezv\u00e9ny\u00fcnkre! Nagyon h\u00e1l\u00e1sak vagyunk, hogy t\u00e1mogat\u00e1s\u00e1val hozz\u00e1j\u00e1rul k\u00f6z\u00f6ss\u00e9g\u00fcnk munk\u00e1j\u00e1hoz! Az elektronikusan ki\u00e1ll\u00edtott sz\u00e1ml\u00e1t hamarosan az \u00d6n \u00e1ltal megadott email c\u00edmre k\u00fcldeni fogjuk. K\u00f6sz\u00f6nj\u00fck t\u00e1mogat\u00e1s\u00e1t, amennyiben r\u00e9szt vesz az esem\u00e9nyen, szeretettel v\u00e1rjuk! Vissza a f\u0151oldalra\" \/>\n<meta property=\"og:url\" content=\"https:\/\/www.hmaa-hc.hu\/en\/sikeres-jegyvasarlas\/\" \/>\n<meta property=\"og:site_name\" content=\"HMAA Hungary Chapter\" \/>\n<meta property=\"article:modified_time\" content=\"2025-11-03T06:49:17+00:00\" \/>\n<meta name=\"twitter:card\" content=\"summary_large_image\" \/>\n<meta name=\"twitter:label1\" content=\"Estimated reading time\" \/>\n\t<meta name=\"twitter:data1\" content=\"1 minute\" \/>\n<script type=\"application\/ld+json\" class=\"yoast-schema-graph\">{\"@context\":\"https:\\\/\\\/schema.org\",\"@graph\":[{\"@type\":\"WebPage\",\"@id\":\"https:\\\/\\\/www.hmaa-hc.hu\\\/sikeres-jegyvasarlas\\\/\",\"url\":\"https:\\\/\\\/www.hmaa-hc.hu\\\/sikeres-jegyvasarlas\\\/\",\"name\":\"Sikeres jegyv\u00e1s\u00e1rl\u00e1s - HMAA Hungary Chapter\",\"isPartOf\":{\"@id\":\"https:\\\/\\\/www.hmaa-hc.hu\\\/#website\"},\"datePublished\":\"2025-10-31T19:47:16+00:00\",\"dateModified\":\"2025-11-03T06:49:17+00:00\",\"breadcrumb\":{\"@id\":\"https:\\\/\\\/www.hmaa-hc.hu\\\/sikeres-jegyvasarlas\\\/#breadcrumb\"},\"inLanguage\":\"en-GB\",\"potentialAction\":[{\"@type\":\"ReadAction\",\"target\":[\"https:\\\/\\\/www.hmaa-hc.hu\\\/sikeres-jegyvasarlas\\\/\"]}]},{\"@type\":\"BreadcrumbList\",\"@id\":\"https:\\\/\\\/www.hmaa-hc.hu\\\/sikeres-jegyvasarlas\\\/#breadcrumb\",\"itemListElement\":[{\"@type\":\"ListItem\",\"position\":1,\"name\":\"Kezd\u0151lap\",\"item\":\"https:\\\/\\\/www.hmaa-hc.hu\\\/\"},{\"@type\":\"ListItem\",\"position\":2,\"name\":\"Sikeres jegyv\u00e1s\u00e1rl\u00e1s\"}]},{\"@type\":\"WebSite\",\"@id\":\"https:\\\/\\\/www.hmaa-hc.hu\\\/#website\",\"url\":\"https:\\\/\\\/www.hmaa-hc.hu\\\/\",\"name\":\"HMAA Hungary Chapter\",\"description\":\"Amerikai Magyar Orvossz\u00f6vets\u00e9g magyarorsz\u00e1gi tagozata\",\"potentialAction\":[{\"@type\":\"SearchAction\",\"target\":{\"@type\":\"EntryPoint\",\"urlTemplate\":\"https:\\\/\\\/www.hmaa-hc.hu\\\/?s={search_term_string}\"},\"query-input\":{\"@type\":\"PropertyValueSpecification\",\"valueRequired\":true,\"valueName\":\"search_term_string\"}}],\"inLanguage\":\"en-GB\"}]}<\/script>\n<!-- \/ Yoast SEO plugin. -->","yoast_head_json":{"title":"Sikeres jegyv\u00e1s\u00e1rl\u00e1s - HMAA Hungary Chapter","robots":{"index":"index","follow":"follow","max-snippet":"max-snippet:-1","max-image-preview":"max-image-preview:large","max-video-preview":"max-video-preview:-1"},"canonical":"https:\/\/www.hmaa-hc.hu\/en\/sikeres-jegyvasarlas\/","og_locale":"en_GB","og_type":"article","og_title":"Sikeres jegyv\u00e1s\u00e1rl\u00e1s - HMAA Hungary Chapter","og_description":"K\u00f6sz\u00f6nj\u00fck! \u00d6n sikeresen megv\u00e1s\u00e1rolta jegy\u00e9t a j\u00f3t\u00e9konys\u00e1gi rendezv\u00e9ny\u00fcnkre! Nagyon h\u00e1l\u00e1sak vagyunk, hogy t\u00e1mogat\u00e1s\u00e1val hozz\u00e1j\u00e1rul k\u00f6z\u00f6ss\u00e9g\u00fcnk munk\u00e1j\u00e1hoz! Az elektronikusan ki\u00e1ll\u00edtott sz\u00e1ml\u00e1t hamarosan az \u00d6n \u00e1ltal megadott email c\u00edmre k\u00fcldeni fogjuk. K\u00f6sz\u00f6nj\u00fck t\u00e1mogat\u00e1s\u00e1t, amennyiben r\u00e9szt vesz az esem\u00e9nyen, szeretettel v\u00e1rjuk! Vissza a f\u0151oldalra","og_url":"https:\/\/www.hmaa-hc.hu\/en\/sikeres-jegyvasarlas\/","og_site_name":"HMAA Hungary Chapter","article_modified_time":"2025-11-03T06:49:17+00:00","twitter_card":"summary_large_image","twitter_misc":{"Estimated reading time":"1 minute"},"schema":{"@context":"https:\/\/schema.org","@graph":[{"@type":"WebPage","@id":"https:\/\/www.hmaa-hc.hu\/sikeres-jegyvasarlas\/","url":"https:\/\/www.hmaa-hc.hu\/sikeres-jegyvasarlas\/","name":"Sikeres jegyv\u00e1s\u00e1rl\u00e1s - HMAA Hungary Chapter","isPartOf":{"@id":"https:\/\/www.hmaa-hc.hu\/#website"},"datePublished":"2025-10-31T19:47:16+00:00","dateModified":"2025-11-03T06:49:17+00:00","breadcrumb":{"@id":"https:\/\/www.hmaa-hc.hu\/sikeres-jegyvasarlas\/#breadcrumb"},"inLanguage":"en-GB","potentialAction":[{"@type":"ReadAction","target":["https:\/\/www.hmaa-hc.hu\/sikeres-jegyvasarlas\/"]}]},{"@type":"BreadcrumbList","@id":"https:\/\/www.hmaa-hc.hu\/sikeres-jegyvasarlas\/#breadcrumb","itemListElement":[{"@type":"ListItem","position":1,"name":"Kezd\u0151lap","item":"https:\/\/www.hmaa-hc.hu\/"},{"@type":"ListItem","position":2,"name":"Sikeres jegyv\u00e1s\u00e1rl\u00e1s"}]},{"@type":"WebSite","@id":"https:\/\/www.hmaa-hc.hu\/#website","url":"https:\/\/www.hmaa-hc.hu\/","name":"HMAA Hungary Chapter","description":"Hungarian American Medical Association, Hungarian Chapter","potentialAction":[{"@type":"SearchAction","target":{"@type":"EntryPoint","urlTemplate":"https:\/\/www.hmaa-hc.hu\/?s={search_term_string}"},"query-input":{"@type":"PropertyValueSpecification","valueRequired":true,"valueName":"search_term_string"}}],"inLanguage":"en-GB"}]}},"_links":{"self":[{"href":"https:\/\/www.hmaa-hc.hu\/en\/wp-json\/wp\/v2\/pages\/3247","targetHints":{"allow":["GET"]}}],"collection":[{"href":"https:\/\/www.hmaa-hc.hu\/en\/wp-json\/wp\/v2\/pages"}],"about":[{"href":"https:\/\/www.hmaa-hc.hu\/en\/wp-json\/wp\/v2\/types\/page"}],"author":[{"embeddable":true,"href":"https:\/\/www.hmaa-hc.hu\/en\/wp-json\/wp\/v2\/users\/1"}],"replies":[{"embeddable":true,"href":"https:\/\/www.hmaa-hc.hu\/en\/wp-json\/wp\/v2\/comments?post=3247"}],"version-history":[{"count":13,"href":"https:\/\/www.hmaa-hc.hu\/en\/wp-json\/wp\/v2\/pages\/3247\/revisions"}],"predecessor-version":[{"id":3282,"href":"https:\/\/www.hmaa-hc.hu\/en\/wp-json\/wp\/v2\/pages\/3247\/revisions\/3282"}],"wp:attachment":[{"href":"https:\/\/www.hmaa-hc.hu\/en\/wp-json\/wp\/v2\/media?parent=3247"}],"curies":[{"name":"wp","href":"https:\/\/api.w.org\/{rel}","templated":true}]}}