{"id":31,"date":"2022-06-19T10:51:53","date_gmt":"2022-06-19T10:51:53","guid":{"rendered":"https:\/\/www.hmaa-hc.hu\/?page_id=31"},"modified":"2026-02-14T21:02:01","modified_gmt":"2026-02-14T21:02:01","slug":"impresszum","status":"publish","type":"page","link":"https:\/\/www.hmaa-hc.hu\/en\/impresszum\/","title":{"rendered":"masthead"},"content":{"rendered":"<div data-elementor-type=\"wp-page\" data-elementor-id=\"31\" class=\"elementor elementor-31\" data-elementor-post-type=\"page\">\n\t\t\t\t\t\t<section class=\"elementor-section elementor-top-section elementor-element elementor-element-156c518 elementor-section-height-min-height elementor-section-content-middle elementor-section-boxed elementor-section-height-default elementor-section-items-middle\" data-id=\"156c518\" data-element_type=\"section\" data-e-type=\"section\" data-settings=\"{&quot;background_background&quot;:&quot;classic&quot;,&quot;shape_divider_bottom&quot;:&quot;book&quot;}\">\n\t\t\t\t\t<div class=\"elementor-shape elementor-shape-bottom\" aria-hidden=\"true\" data-negative=\"false\">\n\t\t\t<svg xmlns=\"http:\/\/www.w3.org\/2000\/svg\" viewbox=\"0 0 1000 100\" preserveaspectratio=\"none\">\n\t<path class=\"elementor-shape-fill\" d=\"M194,99c186.7,0.7,305-78.3,306-97.2c1,18.9,119.3,97.9,306,97.2c114.3-0.3,194,0.3,194,0.3s0-91.7,0-100c0,0,0,0,0-0 L0,0v99.3C0,99.3,79.7,98.7,194,99z\"\/>\n<\/svg>\t\t<\/div>\n\t\t\t\t\t<div class=\"elementor-container elementor-column-gap-default\">\n\t\t\t\t\t<div class=\"elementor-column elementor-col-100 elementor-top-column elementor-element elementor-element-0e717bf\" data-id=\"0e717bf\" data-element_type=\"column\" data-e-type=\"column\" data-settings=\"{&quot;background_background&quot;:&quot;classic&quot;}\">\n\t\t\t<div class=\"elementor-widget-wrap elementor-element-populated\">\n\t\t\t\t\t\t<div class=\"elementor-element elementor-element-03bf4c3 elementor-widget elementor-widget-heading\" data-id=\"03bf4c3\" data-element_type=\"widget\" data-e-type=\"widget\" data-widget_type=\"heading.default\">\n\t\t\t\t<div class=\"elementor-widget-container\">\n\t\t\t\t\t<h1 class=\"elementor-heading-title elementor-size-default\">masthead<\/h1>\t\t\t\t<\/div>\n\t\t\t\t<\/div>\n\t\t\t\t\t<\/div>\n\t\t<\/div>\n\t\t\t\t\t<\/div>\n\t\t<\/section>\n\t\t\t\t<section class=\"elementor-section elementor-top-section elementor-element elementor-element-0f99cbd elementor-section-stretched elementor-section-boxed elementor-section-height-default elementor-section-height-default\" data-id=\"0f99cbd\" data-element_type=\"section\" data-e-type=\"section\" data-settings=\"{&quot;stretch_section&quot;:&quot;section-stretched&quot;}\">\n\t\t\t\t\t\t<div class=\"elementor-container elementor-column-gap-default\">\n\t\t\t\t\t<div class=\"elementor-column elementor-col-100 elementor-top-column elementor-element elementor-element-6b8daf0\" data-id=\"6b8daf0\" data-element_type=\"column\" data-e-type=\"column\">\n\t\t\t<div class=\"elementor-widget-wrap elementor-element-populated\">\n\t\t\t\t\t\t<div class=\"elementor-element elementor-element-6ff0361 elementor-widget elementor-widget-text-editor\" data-id=\"6ff0361\" data-element_type=\"widget\" data-e-type=\"widget\" data-widget_type=\"text-editor.default\">\n\t\t\t\t<div class=\"elementor-widget-container\">\n\t\t\t\t\t\t\t\t\t<p><strong>Details of the website operator:<\/strong><\/p><p>\u00a0Name\/Company name: Hungarian Medical Association of America Hungary Association \/AMOSZ MTE<\/p><p>Registered office: 7627 P\u00e9cs, T\u00e1tra utca 1.<\/p><p>Ad\u00f3sz\u00e1m: 18273744-1-02<\/p><p>Website: www.hmaa-hc.hu<\/p><p><strong>Details of the website hosting provider:<\/strong><\/p><p>Name\/ company name: DotRoll Kft.<\/p><p>Seat: <a href=\"https:\/\/dotroll.com\/address\" target=\"_blank\" rel=\"noopener\">1148 Budapest, Fogarasi \u00fat 3-5.<\/a><\/p><p>Online contact: dotroll.com<\/p>\t\t\t\t\t\t\t\t<\/div>\n\t\t\t\t<\/div>\n\t\t\t\t\t<\/div>\n\t\t<\/div>\n\t\t\t\t\t<\/div>\n\t\t<\/section>\n\t\t\t\t<\/div>","protected":false},"excerpt":{"rendered":"<p>Impresszum A weboldal \u00fczemeltet\u0151j\u00e9nek adatai: \u00a0N\u00e9v \/ c\u00e9gn\u00e9v: Amerikai Magyar Orvossz\u00f6vets\u00e9g Magyarorsz\u00e1gi Tagozat Egyes\u00fclet \/AMOSZ MTE Sz\u00e9khely: 7627 P\u00e9cs, T\u00e1tra utca 1. Ad\u00f3sz\u00e1m: 18273744-1-02 Weboldal: www.hmaa-hc.hu A weboldal t\u00e1rhelyszolg\u00e1ltat\u00f3j\u00e1nak adatai: N\u00e9v\/ c\u00e9gn\u00e9v: DotRoll Kft. Sz\u00e9khely: 1148 Budapest, Fogarasi \u00fat 3-5. Online el\u00e9rhet\u0151s\u00e9g: dotroll.com<\/p>","protected":false},"author":1,"featured_media":0,"parent":0,"menu_order":0,"comment_status":"closed","ping_status":"closed","template":"elementor_header_footer","meta":{"footnotes":""},"class_list":["post-31","page","type-page","status-publish","hentry"],"yoast_head":"<!-- This site is optimized with the Yoast SEO plugin v27.3 - https:\/\/yoast.com\/product\/yoast-seo-wordpress\/ -->\n<title>Impresszum - HMAA Hungary Chapter<\/title>\n<meta name=\"robots\" content=\"index, follow, max-snippet:-1, max-image-preview:large, max-video-preview:-1\" \/>\n<link rel=\"canonical\" href=\"https:\/\/www.hmaa-hc.hu\/en\/impresszum\/\" \/>\n<meta property=\"og:locale\" content=\"en_GB\" \/>\n<meta property=\"og:type\" content=\"article\" \/>\n<meta property=\"og:title\" content=\"Impresszum - HMAA Hungary Chapter\" \/>\n<meta property=\"og:description\" content=\"Impresszum A weboldal \u00fczemeltet\u0151j\u00e9nek adatai: \u00a0N\u00e9v \/ c\u00e9gn\u00e9v: Amerikai Magyar Orvossz\u00f6vets\u00e9g Magyarorsz\u00e1gi Tagozat Egyes\u00fclet \/AMOSZ MTE Sz\u00e9khely: 7627 P\u00e9cs, T\u00e1tra utca 1. Ad\u00f3sz\u00e1m: 18273744-1-02 Weboldal: www.hmaa-hc.hu A weboldal t\u00e1rhelyszolg\u00e1ltat\u00f3j\u00e1nak adatai: N\u00e9v\/ c\u00e9gn\u00e9v: DotRoll Kft. Sz\u00e9khely: 1148 Budapest, Fogarasi \u00fat 3-5. Online el\u00e9rhet\u0151s\u00e9g: dotroll.com\" \/>\n<meta property=\"og:url\" content=\"https:\/\/www.hmaa-hc.hu\/en\/impresszum\/\" \/>\n<meta property=\"og:site_name\" content=\"HMAA Hungary Chapter\" \/>\n<meta property=\"article:modified_time\" content=\"2026-02-14T21:02:01+00:00\" \/>\n<meta name=\"twitter:card\" content=\"summary_large_image\" \/>\n<meta name=\"twitter:label1\" content=\"Estimated reading time\" \/>\n\t<meta name=\"twitter:data1\" content=\"1 minute\" \/>\n<script type=\"application\/ld+json\" class=\"yoast-schema-graph\">{\"@context\":\"https:\\\/\\\/schema.org\",\"@graph\":[{\"@type\":\"WebPage\",\"@id\":\"https:\\\/\\\/www.hmaa-hc.hu\\\/impresszum\\\/\",\"url\":\"https:\\\/\\\/www.hmaa-hc.hu\\\/impresszum\\\/\",\"name\":\"Impresszum - HMAA Hungary Chapter\",\"isPartOf\":{\"@id\":\"https:\\\/\\\/www.hmaa-hc.hu\\\/#website\"},\"datePublished\":\"2022-06-19T10:51:53+00:00\",\"dateModified\":\"2026-02-14T21:02:01+00:00\",\"breadcrumb\":{\"@id\":\"https:\\\/\\\/www.hmaa-hc.hu\\\/impresszum\\\/#breadcrumb\"},\"inLanguage\":\"en-GB\",\"potentialAction\":[{\"@type\":\"ReadAction\",\"target\":[\"https:\\\/\\\/www.hmaa-hc.hu\\\/impresszum\\\/\"]}]},{\"@type\":\"BreadcrumbList\",\"@id\":\"https:\\\/\\\/www.hmaa-hc.hu\\\/impresszum\\\/#breadcrumb\",\"itemListElement\":[{\"@type\":\"ListItem\",\"position\":1,\"name\":\"Kezd\u0151lap\",\"item\":\"https:\\\/\\\/www.hmaa-hc.hu\\\/\"},{\"@type\":\"ListItem\",\"position\":2,\"name\":\"Impresszum\"}]},{\"@type\":\"WebSite\",\"@id\":\"https:\\\/\\\/www.hmaa-hc.hu\\\/#website\",\"url\":\"https:\\\/\\\/www.hmaa-hc.hu\\\/\",\"name\":\"HMAA Hungary Chapter\",\"description\":\"Amerikai Magyar Orvossz\u00f6vets\u00e9g magyarorsz\u00e1gi tagozata\",\"potentialAction\":[{\"@type\":\"SearchAction\",\"target\":{\"@type\":\"EntryPoint\",\"urlTemplate\":\"https:\\\/\\\/www.hmaa-hc.hu\\\/?s={search_term_string}\"},\"query-input\":{\"@type\":\"PropertyValueSpecification\",\"valueRequired\":true,\"valueName\":\"search_term_string\"}}],\"inLanguage\":\"en-GB\"}]}<\/script>\n<!-- \/ Yoast SEO plugin. -->","yoast_head_json":{"title":"Impresszum - HMAA Hungary Chapter","robots":{"index":"index","follow":"follow","max-snippet":"max-snippet:-1","max-image-preview":"max-image-preview:large","max-video-preview":"max-video-preview:-1"},"canonical":"https:\/\/www.hmaa-hc.hu\/en\/impresszum\/","og_locale":"en_GB","og_type":"article","og_title":"Impresszum - HMAA Hungary Chapter","og_description":"Impresszum A weboldal \u00fczemeltet\u0151j\u00e9nek adatai: \u00a0N\u00e9v \/ c\u00e9gn\u00e9v: Amerikai Magyar Orvossz\u00f6vets\u00e9g Magyarorsz\u00e1gi Tagozat Egyes\u00fclet \/AMOSZ MTE Sz\u00e9khely: 7627 P\u00e9cs, T\u00e1tra utca 1. Ad\u00f3sz\u00e1m: 18273744-1-02 Weboldal: www.hmaa-hc.hu A weboldal t\u00e1rhelyszolg\u00e1ltat\u00f3j\u00e1nak adatai: N\u00e9v\/ c\u00e9gn\u00e9v: DotRoll Kft. Sz\u00e9khely: 1148 Budapest, Fogarasi \u00fat 3-5. Online el\u00e9rhet\u0151s\u00e9g: dotroll.com","og_url":"https:\/\/www.hmaa-hc.hu\/en\/impresszum\/","og_site_name":"HMAA Hungary Chapter","article_modified_time":"2026-02-14T21:02:01+00:00","twitter_card":"summary_large_image","twitter_misc":{"Estimated reading time":"1 minute"},"schema":{"@context":"https:\/\/schema.org","@graph":[{"@type":"WebPage","@id":"https:\/\/www.hmaa-hc.hu\/impresszum\/","url":"https:\/\/www.hmaa-hc.hu\/impresszum\/","name":"Impresszum - HMAA Hungary Chapter","isPartOf":{"@id":"https:\/\/www.hmaa-hc.hu\/#website"},"datePublished":"2022-06-19T10:51:53+00:00","dateModified":"2026-02-14T21:02:01+00:00","breadcrumb":{"@id":"https:\/\/www.hmaa-hc.hu\/impresszum\/#breadcrumb"},"inLanguage":"en-GB","potentialAction":[{"@type":"ReadAction","target":["https:\/\/www.hmaa-hc.hu\/impresszum\/"]}]},{"@type":"BreadcrumbList","@id":"https:\/\/www.hmaa-hc.hu\/impresszum\/#breadcrumb","itemListElement":[{"@type":"ListItem","position":1,"name":"Kezd\u0151lap","item":"https:\/\/www.hmaa-hc.hu\/"},{"@type":"ListItem","position":2,"name":"Impresszum"}]},{"@type":"WebSite","@id":"https:\/\/www.hmaa-hc.hu\/#website","url":"https:\/\/www.hmaa-hc.hu\/","name":"HMAA Hungary Chapter","description":"Hungarian American Medical Association, Hungarian Chapter","potentialAction":[{"@type":"SearchAction","target":{"@type":"EntryPoint","urlTemplate":"https:\/\/www.hmaa-hc.hu\/?s={search_term_string}"},"query-input":{"@type":"PropertyValueSpecification","valueRequired":true,"valueName":"search_term_string"}}],"inLanguage":"en-GB"}]}},"_links":{"self":[{"href":"https:\/\/www.hmaa-hc.hu\/en\/wp-json\/wp\/v2\/pages\/31","targetHints":{"allow":["GET"]}}],"collection":[{"href":"https:\/\/www.hmaa-hc.hu\/en\/wp-json\/wp\/v2\/pages"}],"about":[{"href":"https:\/\/www.hmaa-hc.hu\/en\/wp-json\/wp\/v2\/types\/page"}],"author":[{"embeddable":true,"href":"https:\/\/www.hmaa-hc.hu\/en\/wp-json\/wp\/v2\/users\/1"}],"replies":[{"embeddable":true,"href":"https:\/\/www.hmaa-hc.hu\/en\/wp-json\/wp\/v2\/comments?post=31"}],"version-history":[{"count":34,"href":"https:\/\/www.hmaa-hc.hu\/en\/wp-json\/wp\/v2\/pages\/31\/revisions"}],"predecessor-version":[{"id":3694,"href":"https:\/\/www.hmaa-hc.hu\/en\/wp-json\/wp\/v2\/pages\/31\/revisions\/3694"}],"wp:attachment":[{"href":"https:\/\/www.hmaa-hc.hu\/en\/wp-json\/wp\/v2\/media?parent=31"}],"curies":[{"name":"wp","href":"https:\/\/api.w.org\/{rel}","templated":true}]}}