{"id":2941,"date":"2025-05-16T10:05:00","date_gmt":"2025-05-16T10:05:00","guid":{"rendered":"https:\/\/www.hmaa-hc.hu\/?page_id=2941"},"modified":"2025-09-02T13:58:36","modified_gmt":"2025-09-02T13:58:36","slug":"2025-nyari-konferencia","status":"publish","type":"page","link":"https:\/\/www.hmaa-hc.hu\/en\/2025-nyari-konferencia\/","title":{"rendered":"2025 Summer Conference"},"content":{"rendered":"<div data-elementor-type=\"wp-page\" data-elementor-id=\"2941\" class=\"elementor elementor-2941\" data-elementor-post-type=\"page\">\n\t\t\t\t\t\t<section class=\"elementor-section elementor-top-section elementor-element elementor-element-5dbcb57 elementor-section-height-min-height elementor-section-content-middle elementor-section-boxed elementor-section-height-default elementor-section-items-middle\" data-id=\"5dbcb57\" data-element_type=\"section\" data-e-type=\"section\" data-settings=\"{&quot;background_background&quot;:&quot;classic&quot;}\">\n\t\t\t\t\t\t<div class=\"elementor-container elementor-column-gap-default\">\n\t\t\t\t\t<div class=\"elementor-column elementor-col-100 elementor-top-column elementor-element elementor-element-c749a82\" data-id=\"c749a82\" data-element_type=\"column\" data-e-type=\"column\" data-settings=\"{&quot;background_background&quot;:&quot;classic&quot;}\">\n\t\t\t<div class=\"elementor-widget-wrap elementor-element-populated\">\n\t\t\t\t\t\t<div class=\"elementor-element elementor-element-94fe7c1 elementor-widget elementor-widget-heading\" data-id=\"94fe7c1\" data-element_type=\"widget\" data-e-type=\"widget\" data-widget_type=\"heading.default\">\n\t\t\t\t<div class=\"elementor-widget-container\">\n\t\t\t\t\t<h1 class=\"elementor-heading-title elementor-size-default\">HMAA Summer Conference<\/h1>\t\t\t\t<\/div>\n\t\t\t\t<\/div>\n\t\t\t\t<div class=\"elementor-element elementor-element-4984c43 elementor-hidden-mobile elementor-widget elementor-widget-heading\" data-id=\"4984c43\" data-element_type=\"widget\" data-e-type=\"widget\" data-widget_type=\"heading.default\">\n\t\t\t\t<div class=\"elementor-widget-container\">\n\t\t\t\t\t<h2 class=\"elementor-heading-title elementor-size-default\">2025.09.04-06. (Thursday-Saturday)<\/h2>\t\t\t\t<\/div>\n\t\t\t\t<\/div>\n\t\t\t\t<div class=\"elementor-element elementor-element-49b3dca elementor-hidden-desktop elementor-hidden-tablet elementor-widget elementor-widget-heading\" data-id=\"49b3dca\" data-element_type=\"widget\" data-e-type=\"widget\" data-widget_type=\"heading.default\">\n\t\t\t\t<div class=\"elementor-widget-container\">\n\t\t\t\t\t<h2 class=\"elementor-heading-title elementor-size-default\">2025.09.04-06. <br> (Thursday-Saturday)<\/h2>\t\t\t\t<\/div>\n\t\t\t\t<\/div>\n\t\t\t\t\t<\/div>\n\t\t<\/div>\n\t\t\t\t\t<\/div>\n\t\t<\/section>\n\t\t\t\t<section class=\"elementor-section elementor-top-section elementor-element elementor-element-4762a45 elementor-section-boxed elementor-section-height-default elementor-section-height-default\" data-id=\"4762a45\" data-element_type=\"section\" data-e-type=\"section\">\n\t\t\t\t\t\t<div class=\"elementor-container elementor-column-gap-default\">\n\t\t\t\t\t<div class=\"elementor-column elementor-col-50 elementor-top-column elementor-element elementor-element-e02d165\" data-id=\"e02d165\" data-element_type=\"column\" data-e-type=\"column\">\n\t\t\t<div class=\"elementor-widget-wrap elementor-element-populated\">\n\t\t\t\t\t\t<div class=\"elementor-element elementor-element-1095a16 elementor-align-right elementor-widget elementor-widget-button\" data-id=\"1095a16\" data-element_type=\"widget\" data-e-type=\"widget\" data-widget_type=\"button.default\">\n\t\t\t\t<div class=\"elementor-widget-container\">\n\t\t\t\t\t\t\t\t\t<div class=\"elementor-button-wrapper\">\n\t\t\t\t\t<a class=\"elementor-button elementor-button-link elementor-size-sm\" href=\"https:\/\/www.hmaa-hc.hu\/wp-content\/uploads\/2025\/09\/Archives-of-the-Hungarian-Medical-Association-of-America-2025.pdf\" target=\"_blank\">\n\t\t\t\t\t\t<span class=\"elementor-button-content-wrapper\">\n\t\t\t\t\t\t\t\t\t<span class=\"elementor-button-text\">Archives abstract booklet<\/span>\n\t\t\t\t\t<\/span>\n\t\t\t\t\t<\/a>\n\t\t\t\t<\/div>\n\t\t\t\t\t\t\t\t<\/div>\n\t\t\t\t<\/div>\n\t\t\t\t\t<\/div>\n\t\t<\/div>\n\t\t\t\t<div class=\"elementor-column elementor-col-50 elementor-top-column elementor-element elementor-element-dccb6e5\" data-id=\"dccb6e5\" data-element_type=\"column\" data-e-type=\"column\">\n\t\t\t<div class=\"elementor-widget-wrap elementor-element-populated\">\n\t\t\t\t\t\t<div class=\"elementor-element elementor-element-bfc86ee elementor-align-left elementor-mobile-align-center elementor-widget elementor-widget-button\" data-id=\"bfc86ee\" data-element_type=\"widget\" data-e-type=\"widget\" data-widget_type=\"button.default\">\n\t\t\t\t<div class=\"elementor-widget-container\">\n\t\t\t\t\t\t\t\t\t<div class=\"elementor-button-wrapper\">\n\t\t\t\t\t<a class=\"elementor-button elementor-button-link elementor-size-sm\" href=\"https:\/\/www.hmaa-hc.hu\/wp-content\/uploads\/2025\/09\/Ve\u0301glegeshmaaprogramfu\u0308zet.pdf\" target=\"_blank\">\n\t\t\t\t\t\t<span class=\"elementor-button-content-wrapper\">\n\t\t\t\t\t\t\t\t\t<span class=\"elementor-button-text\">SCIENTIFIC PROGRAMME<\/span>\n\t\t\t\t\t<\/span>\n\t\t\t\t\t<\/a>\n\t\t\t\t<\/div>\n\t\t\t\t\t\t\t\t<\/div>\n\t\t\t\t<\/div>\n\t\t\t\t\t<\/div>\n\t\t<\/div>\n\t\t\t\t\t<\/div>\n\t\t<\/section>\n\t\t\t\t<section class=\"elementor-section elementor-top-section elementor-element elementor-element-0cf7278 elementor-section-height-min-height elementor-section-boxed elementor-section-height-default elementor-section-items-middle\" data-id=\"0cf7278\" data-element_type=\"section\" data-e-type=\"section\" data-settings=\"{&quot;background_background&quot;:&quot;classic&quot;}\">\n\t\t\t\t\t\t<div class=\"elementor-container elementor-column-gap-default\">\n\t\t\t\t\t<div class=\"elementor-column elementor-col-100 elementor-top-column elementor-element elementor-element-88a9d36 animated-slow elementor-invisible\" data-id=\"88a9d36\" data-element_type=\"column\" data-e-type=\"column\" data-settings=\"{&quot;animation&quot;:&quot;fadeIn&quot;,&quot;background_background&quot;:&quot;classic&quot;}\">\n\t\t\t<div class=\"elementor-widget-wrap elementor-element-populated\">\n\t\t\t\t\t<div class=\"elementor-background-overlay\"><\/div>\n\t\t\t\t\t\t<div class=\"elementor-element elementor-element-ae6f5a5 elementor-invisible elementor-widget elementor-widget-text-editor\" data-id=\"ae6f5a5\" data-element_type=\"widget\" data-e-type=\"widget\" data-settings=\"{&quot;_animation&quot;:&quot;fadeIn&quot;}\" data-widget_type=\"text-editor.default\">\n\t\t\t\t<div class=\"elementor-widget-container\">\n\t\t\t\t\t\t\t\t\t<p>The Hungarian Medical Association of America-Hungary (HMAA-HC) is organizing its summer conference for undergraduate students (medical, dental, pharmacy), residents, post-doctoral students and specialists. During the conference, Hungarian medical students and young doctors will have the opportunity to learn about the HMAA Buffalo-Houston exchange program (open to sixth-year students) and meet students who have already participated in the program. <br \/>You can also listen to interesting lectures given by former and current peers, as well as renowned Hungarian and foreign doctors and professors. The friendly atmosphere of this multidisciplinary conference is a great opportunity for medical students to have informal discussions with professors and doctors working in the United States. Presentations in English and Hungarian will be available at the conference.<\/p><p>The best presentations will be rewarded with valuable prizes by the HMAA. The best presentation in English will be awarded the Irene and Ivan Krisztinicz Prize, offered by the HMAA, and the winner will be invited to attend the HMAA Annual Conference in Sarasota, FL, USA, sponsored by the HMAA. The best presentation in Hungarian will be given by id. Istvan Mechtler Prize. <br \/>The best North American medical student will be awarded the Peter Forbath Prize. Best presentations in each field\/section will also be awarded (e.g. best presentation in neurology\/surgery).<\/p><p>The 2025 conference will be organised in the traditional way, with a personal presence. <br \/>Last year's congress debuted in a new venue and, based on the feedback, the great success and good experiences, it will be held again in V\u00e1rggestes<br \/>will take place in the Villapark in Vorguesge (<a href=\"https:\/\/villapark.hu\">https:\/\/www.villapark.hu<\/a>\/).<br \/>This year, as an innovation for more convenient participation, we will also provide accommodation on the evening before the Congress, which is included in the registration fee.<\/p><p><strong>Conference date: 04-06 September 2025 (Thursday-Saturday)<\/strong><\/p><p><strong>The language of the presentations:<\/strong>\u00a0English or Hungarian<\/p><p><strong>Location:<\/strong>\u00a0\u00a0<a href=\"https:\/\/www.google.com\/maps\/place\/Villapark+Vrgesztes\/@47.4855475,18.3887748,18z\/data=!4m19!1m8!3m7!1s0x476a3e6a4b7f6431:0x2a99d72e595c2508!2sVrgesztes,+Villapark,+2824!3b1!8m2!3d47.4867216!4d18.389136!16sg11_0z93r7!3m9!1s0x476a3e6bbe7f885d:0x8f8c666536206af3!5m2!4m1!1i2!8m2!3d47.4855475!4d18.3910279!15sChV2w6FyZ2VzenRlcyB2aWxsYXBhcmtaFyIVdsOhcmdlc3p0ZXMgdmlsbGFwYXJrkgEWc2VydmljZWRfYWNjb21tb2RhdGlvbuABAA!16sg1tdy388g?entry=ttu\">Villapark V\u00e1rgesztes, 2824 V\u00e1rgesztes, Hrsz. 201 25.\u00a0<\/a><\/p><p>Registration for our 2025 conference and abstract submission will be done simultaneously.<br \/>A presenter may submit one abstract in English only (the formal requirements for the abstract are available by scrolling down). During registration, it is possible to indicate a preference for the presentation format (oral presentation or e-poster). Once the abstracts have been submitted, they will be evaluated by a jury of experts, who will assess the content and form of the abstracts and classify them into oral or e-poster categories, taking into account the preferences. Participants will be notified by email by the end of July about the acceptance and the category of their abstract.<\/p><p><strong><u>Extended abstract submission deadline:<\/u><\/strong> 2025.07.11. 23:59 CET<\/p><p><strong><u>Registration fees:<\/u><\/strong><\/p><p>For HMAA members: 75 000 HUF<\/p><p>Non HMAA members: 90 000 HUF<\/p><p>The registration fee includes participation in the conference, conference gift package, 2 nights accommodation (details below), lunch on Friday and Saturday, gala dinner on Friday.<br \/>It is also possible to attend the conference without a presentation, but in this case you will still need to register for a full registration, given the location and the accommodation and meals included in the registration fee. The same applies to accompanying persons.<\/p><p>No on-site registration.<\/p><p><strong><u>How to register:<\/u><\/strong><\/p><p>Upon redemption of your HMAA-HC membership, we will send new members a one-time-use coupon code (\"membership code\") by email, which will be redeemed upon registration to pay the discounted registration fee. Please also register on the parent organisation's website using the link below (free for students - \"Junior Member\"): <a href=\"https:\/\/hmaa.org\/hmaa-registration\/\">https:\/\/hmaa.org\/hmaa-registration\/<\/a> . This will ensure full membership.<br \/>There is also the possibility to receive conference participation funding from the four medical universities this year, please contact your local TDT or your local HMAA student representative.<br \/>We can accept one registration per email address. It is possible to save the registration form temporarily, and the system will send an email to the registrant. By clicking on the link sent in the email, the registration can be continued and finalised.<br \/>The registration fee can be paid by credit card or by bank transfer.<\/p><p><strong><u>Details required for transfer:<\/u><\/strong><\/p><p><u>Beneficiary:<\/u>\u00a0Hungarian Medical Association of America Hungary Chapter Association \/AMOSZ MT<\/p><p><u>Bank:<\/u>\u00a0CIB Bank<\/p><p class=\"translation-block\">Bank account number: HU79 107002446732782151100005, CIBHHUHB<br>\n<strong>In payment reference<\/strong> please enter your name and registration number (which will be included in the registration confirmation e-mail)!<\/p><p><u>Cancellation policy:<\/u>:\u00a0<strong>3 August 2025 23:59<\/strong>-We can refund up to 25% of the total registration fee, after which no refund can be claimed.<\/p><p><strong><u>Accommodation information:<\/u><\/strong><\/p><p><a href=\"https:\/\/www.google.com\/maps\/place\/Villapark+Vrgesztes\/@47.4855475,18.3887748,18z\/data=!4m19!1m8!3m7!1s0x476a3e6a4b7f6431:0x2a99d72e595c2508!2sVrgesztes,+Villapark,+2824!3b1!8m2!3d47.4867216!4d18.389136!16sg11_0z93r7!3m9!1s0x476a3e6bbe7f885d:0x8f8c666536206af3!5m2!4m1!1i2!8m2!3d47.4855475!4d18.3910279!15sChV2w6FyZ2VzenRlcyB2aWxsYXBhcmtaFyIVdsOhcmdlc3p0ZXMgdmlsbGFwYXJrkgEWc2VydmljZWRfYWNjb21tb2RhdGlvbuABAA!16sg1tdy388g?entry=ttu\">Villapark V\u00e1rgesztes, 2824 V\u00e1rgesztes, Hrsz. 201 25.\u00a0<\/a><\/p><p>Situated close to Tatab\u00e1nya, the park surrounded by the greenery of the V\u00e9rtes Mountains is the perfect place for a morning walk before the scientific sessions. A barbecue\/fireplace and on-site wellness facilities are provided.<\/p><p class=\"translation-block\"><strong><u>Practical Information about Villapark V\u00e1rgesztes:<br><\/u><\/strong>\n\u2013 Upon arriving at\u00a0Tatab\u00e1nya train station, you can take\u00a0bus 8441, which stops directly in\nfront of the entrance to the resort.\n\u2013\u00a0Accommodation for Thursday and Friday nights (September 4\u20136)\u00a0will be provided\nin\u00a0Komfort Plus Apartments, each consisting of\u00a0four double rooms (2-person apartments).\n\u2013 A small grocery store is located nearby. The apartments feature well-equipped, American-\nstyle kitchens (with a stovetop, microwave, electric kettle, and cooking utensils), and\nrefrigerators are available for storing ingredients needed for breakfast.\n\u2013\u00a0Lunch on Friday and Saturday, as well as the\u00a0gala dinner on Friday, are included in the\nregistration fee.\u00a0Meals on Thursday\u00a0are to be arranged individually by participants.\n\nIf you have any further questions, please contact our association at\u00a0hungary@hmaa.org.\n<br>See you in September!<\/p><p>The HMAA-HC team<\/p><p><strong><u>Instructions for Abstracts:<\/u><\/strong><\/p><p>- Abstract Body Limit: Max. 250 words.<\/p><p>- Abstract Structure: (Abstract language must be English even if you present in Hungarian!)<\/p><p>- TITLE OF PRESENTATION<\/p><p>- Authors (mark the presenting author). E.g.: (1) Peter Nagy (presenter), (2) Tunde Kiss, (3) Szilard Kovacs<\/p><p>- InstitutionE.g.: (1) Department of Biophysics and CellBiology, University of Athens, (2) Department of Biochemistry, University of Athens, (3) Department of Chemistry, University of Athens<\/p><p>- Presenter's university: e.g.: University of Athens<\/p><p>- Keywords: cholesterol, ceramide, lipid rafts, confocalmicroscopy (max. 5)<\/p><p>- Aims<\/p><p>- Methods<\/p><p>- Results<\/p><p>- Conclusions<\/p><p>- Support<\/p><p>All submitted abstracts will be evaluated by the HMAA board. The scientific board may reject abstracts with low overall scores. Notification of acceptance or rejection will be sent via email by the end of July 2025 at the latest.<\/p><p><strong>The following abstract topics are considered for acceptance:<\/strong><\/p><p>- Anatomy<br \/>- Anesthesiology-Intensive Care-Emergency Care<br \/>- Behavioural Sciences<br \/>- Biochemistry-Biophysics<br \/>- Cardiology<br \/>- COVID<br \/>- Dentistry<br \/>- Dermatology<br \/>- Health Sciences<br \/>- Immunology-CellBiology<br \/>- Internal Medicine-Family Medicine<br \/>- Law \/ Medical Malpractice \/ Business<br \/>- Microbiology<br \/>- Neurology<br \/>- Obstetrics&amp;Gynecology<br \/>- Ophthalmology<br \/>- Orthopaedics<br \/>- Otorhinolaryngology<br \/>- Pathology-Oncology<br \/>- Paediatrics<br \/>- Pharmacy<br \/>- Physiology-Pathophysiology<br \/>- Prevention<br \/>- Pulmonology<br \/>- Radiology<br \/>- Rheumatology<br \/>- Sport Sciences<br \/>- Surgery - Traumatology - Neurosurgery<br \/>- Urology<br \/>- Interdisciplinary (other)\u00a0<\/p>\t\t\t\t\t\t\t\t<\/div>\n\t\t\t\t<\/div>\n\t\t\t\t\t<\/div>\n\t\t<\/div>\n\t\t\t\t\t<\/div>\n\t\t<\/section>\n\t\t\t\t<\/div>","protected":false},"excerpt":{"rendered":"<p>HMAA ny\u00e1ri konferencia 2025.09.04-06. (cs\u00fct\u00f6rt\u00f6k-szombat) 2025.09.04-06. (cs\u00fct\u00f6rt\u00f6k-szombat) Archives abstract booklet SCIENTIFIC PROGRAM Az Amerikai Magyar Orvosi Sz\u00f6vets\u00e9g \u2013 Magyarorsz\u00e1gi Tagozata (HMAA-HC) egyetemi hallgat\u00f3k (orvos, fogorvos, gy\u00f3gyszer\u00e9szhallgat\u00f3k) mellett rezidensek, doktorandusz hallgat\u00f3k \u00e9s szakorvosok r\u00e9sz\u00e9re egyar\u00e1nt szervezi a ny\u00e1ri konferenci\u00e1j\u00e1t. A konferencia sor\u00e1n a magyar orvostanhallgat\u00f3knak \u00e9s fiatal orvosoknak lehet\u0151s\u00e9g\u00fck ny\u00edlik megismerkedni a HMAA Buffalo \u00e9s Houston [&hellip;]<\/p>\n","protected":false},"author":1,"featured_media":0,"parent":0,"menu_order":0,"comment_status":"closed","ping_status":"closed","template":"elementor_header_footer","meta":{"footnotes":""},"class_list":["post-2941","page","type-page","status-publish","hentry"],"yoast_head":"<!-- This site is optimized with the Yoast SEO plugin v27.4 - https:\/\/yoast.com\/product\/yoast-seo-wordpress\/ -->\n<title>2025 ny\u00e1ri konferencia - HMAA Hungary Chapter<\/title>\n<meta name=\"description\" content=\"Az Amerikai Magyar Orvosi Sz\u00f6vets\u00e9g \u2013 Magyarorsz\u00e1gi Tagozata (HMAA-HC) egyetemi hallgat\u00f3k (orvosi, fogorvosi, gy\u00f3gyszer\u00e9szhallgat\u00f3k) mellett rezidensek, doktorandusz hallgat\u00f3k \u00e9s szakorvosok r\u00e9sz\u00e9re egyar\u00e1nt szervezi a ny\u00e1ri konferenci\u00e1j\u00e1t.\" \/>\n<meta name=\"robots\" content=\"index, follow, max-snippet:-1, max-image-preview:large, max-video-preview:-1\" \/>\n<link rel=\"canonical\" href=\"https:\/\/www.hmaa-hc.hu\/en\/2025-nyari-konferencia\/\" \/>\n<meta property=\"og:locale\" content=\"en_GB\" \/>\n<meta property=\"og:type\" content=\"article\" \/>\n<meta property=\"og:title\" content=\"2025 ny\u00e1ri konferencia - HMAA Hungary Chapter\" \/>\n<meta property=\"og:description\" content=\"Az Amerikai Magyar Orvosi Sz\u00f6vets\u00e9g \u2013 Magyarorsz\u00e1gi Tagozata (HMAA-HC) egyetemi hallgat\u00f3k (orvosi, fogorvosi, gy\u00f3gyszer\u00e9szhallgat\u00f3k) mellett rezidensek, doktorandusz hallgat\u00f3k \u00e9s szakorvosok r\u00e9sz\u00e9re egyar\u00e1nt szervezi a ny\u00e1ri konferenci\u00e1j\u00e1t.\" \/>\n<meta property=\"og:url\" content=\"https:\/\/www.hmaa-hc.hu\/en\/2025-nyari-konferencia\/\" \/>\n<meta property=\"og:site_name\" content=\"HMAA Hungary Chapter\" \/>\n<meta property=\"article:modified_time\" content=\"2025-09-02T13:58:36+00:00\" \/>\n<meta name=\"twitter:card\" content=\"summary_large_image\" \/>\n<meta name=\"twitter:label1\" content=\"Estimated reading time\" \/>\n\t<meta name=\"twitter:data1\" content=\"5 minutes\" \/>\n<script type=\"application\/ld+json\" class=\"yoast-schema-graph\">{\"@context\":\"https:\\\/\\\/schema.org\",\"@graph\":[{\"@type\":\"WebPage\",\"@id\":\"https:\\\/\\\/www.hmaa-hc.hu\\\/2025-nyari-konferencia\\\/\",\"url\":\"https:\\\/\\\/www.hmaa-hc.hu\\\/2025-nyari-konferencia\\\/\",\"name\":\"2025 ny\u00e1ri konferencia - HMAA Hungary Chapter\",\"isPartOf\":{\"@id\":\"https:\\\/\\\/www.hmaa-hc.hu\\\/#website\"},\"datePublished\":\"2025-05-16T10:05:00+00:00\",\"dateModified\":\"2025-09-02T13:58:36+00:00\",\"description\":\"Az Amerikai Magyar Orvosi Sz\u00f6vets\u00e9g \u2013 Magyarorsz\u00e1gi Tagozata (HMAA-HC) egyetemi hallgat\u00f3k (orvosi, fogorvosi, gy\u00f3gyszer\u00e9szhallgat\u00f3k) mellett rezidensek, doktorandusz hallgat\u00f3k \u00e9s szakorvosok r\u00e9sz\u00e9re egyar\u00e1nt szervezi a ny\u00e1ri konferenci\u00e1j\u00e1t.\",\"breadcrumb\":{\"@id\":\"https:\\\/\\\/www.hmaa-hc.hu\\\/2025-nyari-konferencia\\\/#breadcrumb\"},\"inLanguage\":\"en-GB\",\"potentialAction\":[{\"@type\":\"ReadAction\",\"target\":[\"https:\\\/\\\/www.hmaa-hc.hu\\\/2025-nyari-konferencia\\\/\"]}]},{\"@type\":\"BreadcrumbList\",\"@id\":\"https:\\\/\\\/www.hmaa-hc.hu\\\/2025-nyari-konferencia\\\/#breadcrumb\",\"itemListElement\":[{\"@type\":\"ListItem\",\"position\":1,\"name\":\"Kezd\u0151lap\",\"item\":\"https:\\\/\\\/www.hmaa-hc.hu\\\/\"},{\"@type\":\"ListItem\",\"position\":2,\"name\":\"2025 ny\u00e1ri konferencia\"}]},{\"@type\":\"WebSite\",\"@id\":\"https:\\\/\\\/www.hmaa-hc.hu\\\/#website\",\"url\":\"https:\\\/\\\/www.hmaa-hc.hu\\\/\",\"name\":\"HMAA Hungary Chapter\",\"description\":\"Amerikai Magyar Orvossz\u00f6vets\u00e9g magyarorsz\u00e1gi tagozata\",\"potentialAction\":[{\"@type\":\"SearchAction\",\"target\":{\"@type\":\"EntryPoint\",\"urlTemplate\":\"https:\\\/\\\/www.hmaa-hc.hu\\\/?s={search_term_string}\"},\"query-input\":{\"@type\":\"PropertyValueSpecification\",\"valueRequired\":true,\"valueName\":\"search_term_string\"}}],\"inLanguage\":\"en-GB\"}]}<\/script>\n<!-- \/ Yoast SEO plugin. -->","yoast_head_json":{"title":"2025 Summer Conference - HMAA Hungary Chapter","description":"The Hungarian Medical Association \u2013 Hungarian Chapter (HMAA-HC) organises its summer conference for university students (medical, dental and pharmacy students) as well as residents, doctoral students and specialists.","robots":{"index":"index","follow":"follow","max-snippet":"max-snippet:-1","max-image-preview":"max-image-preview:large","max-video-preview":"max-video-preview:-1"},"canonical":"https:\/\/www.hmaa-hc.hu\/en\/2025-nyari-konferencia\/","og_locale":"en_GB","og_type":"article","og_title":"2025 ny\u00e1ri konferencia - HMAA Hungary Chapter","og_description":"Az Amerikai Magyar Orvosi Sz\u00f6vets\u00e9g \u2013 Magyarorsz\u00e1gi Tagozata (HMAA-HC) egyetemi hallgat\u00f3k (orvosi, fogorvosi, gy\u00f3gyszer\u00e9szhallgat\u00f3k) mellett rezidensek, doktorandusz hallgat\u00f3k \u00e9s szakorvosok r\u00e9sz\u00e9re egyar\u00e1nt szervezi a ny\u00e1ri konferenci\u00e1j\u00e1t.","og_url":"https:\/\/www.hmaa-hc.hu\/en\/2025-nyari-konferencia\/","og_site_name":"HMAA Hungary Chapter","article_modified_time":"2025-09-02T13:58:36+00:00","twitter_card":"summary_large_image","twitter_misc":{"Estimated reading time":"5 minutes"},"schema":{"@context":"https:\/\/schema.org","@graph":[{"@type":"WebPage","@id":"https:\/\/www.hmaa-hc.hu\/2025-nyari-konferencia\/","url":"https:\/\/www.hmaa-hc.hu\/2025-nyari-konferencia\/","name":"2025 Summer Conference - HMAA Hungary Chapter","isPartOf":{"@id":"https:\/\/www.hmaa-hc.hu\/#website"},"datePublished":"2025-05-16T10:05:00+00:00","dateModified":"2025-09-02T13:58:36+00:00","description":"The Hungarian Medical Association \u2013 Hungarian Chapter (HMAA-HC) organises its summer conference for university students (medical, dental and pharmacy students) as well as residents, doctoral students and specialists.","breadcrumb":{"@id":"https:\/\/www.hmaa-hc.hu\/2025-nyari-konferencia\/#breadcrumb"},"inLanguage":"en-GB","potentialAction":[{"@type":"ReadAction","target":["https:\/\/www.hmaa-hc.hu\/2025-nyari-konferencia\/"]}]},{"@type":"BreadcrumbList","@id":"https:\/\/www.hmaa-hc.hu\/2025-nyari-konferencia\/#breadcrumb","itemListElement":[{"@type":"ListItem","position":1,"name":"Kezd\u0151lap","item":"https:\/\/www.hmaa-hc.hu\/"},{"@type":"ListItem","position":2,"name":"2025 ny\u00e1ri konferencia"}]},{"@type":"WebSite","@id":"https:\/\/www.hmaa-hc.hu\/#website","url":"https:\/\/www.hmaa-hc.hu\/","name":"HMAA Hungary Chapter","description":"Hungarian American Medical Association, Hungarian Chapter","potentialAction":[{"@type":"SearchAction","target":{"@type":"EntryPoint","urlTemplate":"https:\/\/www.hmaa-hc.hu\/?s={search_term_string}"},"query-input":{"@type":"PropertyValueSpecification","valueRequired":true,"valueName":"search_term_string"}}],"inLanguage":"en-GB"}]}},"_links":{"self":[{"href":"https:\/\/www.hmaa-hc.hu\/en\/wp-json\/wp\/v2\/pages\/2941","targetHints":{"allow":["GET"]}}],"collection":[{"href":"https:\/\/www.hmaa-hc.hu\/en\/wp-json\/wp\/v2\/pages"}],"about":[{"href":"https:\/\/www.hmaa-hc.hu\/en\/wp-json\/wp\/v2\/types\/page"}],"author":[{"embeddable":true,"href":"https:\/\/www.hmaa-hc.hu\/en\/wp-json\/wp\/v2\/users\/1"}],"replies":[{"embeddable":true,"href":"https:\/\/www.hmaa-hc.hu\/en\/wp-json\/wp\/v2\/comments?post=2941"}],"version-history":[{"count":97,"href":"https:\/\/www.hmaa-hc.hu\/en\/wp-json\/wp\/v2\/pages\/2941\/revisions"}],"predecessor-version":[{"id":3211,"href":"https:\/\/www.hmaa-hc.hu\/en\/wp-json\/wp\/v2\/pages\/2941\/revisions\/3211"}],"wp:attachment":[{"href":"https:\/\/www.hmaa-hc.hu\/en\/wp-json\/wp\/v2\/media?parent=2941"}],"curies":[{"name":"wp","href":"https:\/\/api.w.org\/{rel}","templated":true}]}}