{"id":2428,"date":"2024-01-28T17:25:44","date_gmt":"2024-01-28T17:25:44","guid":{"rendered":"https:\/\/www.hmaa-hc.hu\/?page_id=2428"},"modified":"2026-02-14T21:21:02","modified_gmt":"2026-02-14T21:21:02","slug":"elerhetoseg","status":"publish","type":"page","link":"https:\/\/www.hmaa-hc.hu\/en\/elerhetoseg\/","title":{"rendered":"Contact"},"content":{"rendered":"\t\t<div data-elementor-type=\"wp-page\" data-elementor-id=\"2428\" class=\"elementor elementor-2428\" data-elementor-post-type=\"page\">\n\t\t\t\t\t\t<section class=\"elementor-section elementor-top-section elementor-element elementor-element-363b532 elementor-section-content-middle elementor-section-boxed elementor-section-height-default elementor-section-height-default\" data-id=\"363b532\" data-element_type=\"section\" data-e-type=\"section\" data-settings=\"{&quot;background_background&quot;:&quot;classic&quot;}\">\n\t\t\t\t\t\t<div class=\"elementor-container elementor-column-gap-default\">\n\t\t\t\t\t<div class=\"elementor-column elementor-col-100 elementor-top-column elementor-element elementor-element-702e7a0\" data-id=\"702e7a0\" data-element_type=\"column\" data-e-type=\"column\" data-settings=\"{&quot;background_background&quot;:&quot;classic&quot;}\">\n\t\t\t<div class=\"elementor-widget-wrap elementor-element-populated\">\n\t\t\t\t\t\t<div class=\"elementor-element elementor-element-b4af23e elementor-widget elementor-widget-heading\" data-id=\"b4af23e\" data-element_type=\"widget\" data-e-type=\"widget\" data-widget_type=\"heading.default\">\n\t\t\t\t<div class=\"elementor-widget-container\">\n\t\t\t\t\t<h1 class=\"elementor-heading-title elementor-size-default\">El\u00e9rhet\u0151s\u00e9gek<\/h1>\t\t\t\t<\/div>\n\t\t\t\t<\/div>\n\t\t\t\t\t<\/div>\n\t\t<\/div>\n\t\t\t\t\t<\/div>\n\t\t<\/section>\n\t\t\t\t<section class=\"elementor-section elementor-top-section elementor-element elementor-element-865c4e9 elementor-section-boxed elementor-section-height-default elementor-section-height-default\" data-id=\"865c4e9\" data-element_type=\"section\" data-e-type=\"section\">\n\t\t\t\t\t\t<div class=\"elementor-container elementor-column-gap-default\">\n\t\t\t\t\t<div class=\"elementor-column elementor-col-50 elementor-top-column elementor-element elementor-element-33e2ffe\" data-id=\"33e2ffe\" data-element_type=\"column\" data-e-type=\"column\">\n\t\t\t<div class=\"elementor-widget-wrap elementor-element-populated\">\n\t\t\t\t\t\t<div class=\"elementor-element elementor-element-14e5aa0 elementor-align-start elementor-icon-list--layout-traditional elementor-list-item-link-full_width elementor-widget elementor-widget-icon-list\" data-id=\"14e5aa0\" data-element_type=\"widget\" data-e-type=\"widget\" data-widget_type=\"icon-list.default\">\n\t\t\t\t<div class=\"elementor-widget-container\">\n\t\t\t\t\t\t\t<ul class=\"elementor-icon-list-items\">\n\t\t\t\t\t\t\t<li class=\"elementor-icon-list-item\">\n\t\t\t\t\t\t\t\t\t\t\t<span class=\"elementor-icon-list-icon\">\n\t\t\t\t\t\t\t<i aria-hidden=\"true\" class=\"far fa-envelope\"><\/i>\t\t\t\t\t\t<\/span>\n\t\t\t\t\t\t\t\t\t\t<span class=\"elementor-icon-list-text\">Postac\u00edm \/ Post address: 7627 P\u00e9cs, T\u00e1tra utca 1.<\/span>\n\t\t\t\t\t\t\t\t\t<\/li>\n\t\t\t\t\t\t\t\t<li class=\"elementor-icon-list-item\">\n\t\t\t\t\t\t\t\t\t\t\t<span class=\"elementor-icon-list-icon\">\n\t\t\t\t\t\t\t<i aria-hidden=\"true\" class=\"fas fa-map\"><\/i>\t\t\t\t\t\t<\/span>\n\t\t\t\t\t\t\t\t\t\t<span class=\"elementor-icon-list-text\">Sz\u00e9khely: 7627 P\u00e9cs, T\u00e1tra utca 1.<\/span>\n\t\t\t\t\t\t\t\t\t<\/li>\n\t\t\t\t\t\t\t\t<li class=\"elementor-icon-list-item\">\n\t\t\t\t\t\t\t\t\t\t\t<span class=\"elementor-icon-list-icon\">\n\t\t\t\t\t\t\t<i aria-hidden=\"true\" class=\"fas fa-id-card\"><\/i>\t\t\t\t\t\t<\/span>\n\t\t\t\t\t\t\t\t\t\t<span class=\"elementor-icon-list-text\">Ad\u00f3sz\u00e1m: 18273744-1-02<\/span>\n\t\t\t\t\t\t\t\t\t<\/li>\n\t\t\t\t\t\t\t\t<li class=\"elementor-icon-list-item\">\n\t\t\t\t\t\t\t\t\t\t\t<span class=\"elementor-icon-list-icon\">\n\t\t\t\t\t\t\t<i aria-hidden=\"true\" class=\"fas fa-user-tie\"><\/i>\t\t\t\t\t\t<\/span>\n\t\t\t\t\t\t\t\t\t\t<span class=\"elementor-icon-list-text\">Eln\u00f6k \/ President: Dr. Horv\u00e1th G\u00e1bor<\/span>\n\t\t\t\t\t\t\t\t\t<\/li>\n\t\t\t\t\t\t\t\t<li class=\"elementor-icon-list-item\">\n\t\t\t\t\t\t\t\t\t\t\t<span class=\"elementor-icon-list-icon\">\n\t\t\t\t\t\t\t<i aria-hidden=\"true\" class=\"far fa-address-card\"><\/i>\t\t\t\t\t\t<\/span>\n\t\t\t\t\t\t\t\t\t\t<span class=\"elementor-icon-list-text\">Bank Account: Amerikai Magyar Orvossz\u00f6vets\u00e9g Magyarorsz\u00e1gi Tagozat Egyes\u00fclet \/AMOSZ MTE <\/span>\n\t\t\t\t\t\t\t\t\t<\/li>\n\t\t\t\t\t\t<\/ul>\n\t\t\t\t\t\t<\/div>\n\t\t\t\t<\/div>\n\t\t\t\t\t<\/div>\n\t\t<\/div>\n\t\t\t\t<div class=\"elementor-column elementor-col-50 elementor-top-column elementor-element elementor-element-5ee4ec3\" data-id=\"5ee4ec3\" data-element_type=\"column\" data-e-type=\"column\">\n\t\t\t<div class=\"elementor-widget-wrap elementor-element-populated\">\n\t\t\t\t\t\t<div class=\"elementor-element elementor-element-e82aebd elementor-align-start elementor-icon-list--layout-traditional elementor-list-item-link-full_width elementor-widget elementor-widget-icon-list\" data-id=\"e82aebd\" data-element_type=\"widget\" data-e-type=\"widget\" data-widget_type=\"icon-list.default\">\n\t\t\t\t<div class=\"elementor-widget-container\">\n\t\t\t\t\t\t\t<ul class=\"elementor-icon-list-items\">\n\t\t\t\t\t\t\t<li class=\"elementor-icon-list-item\">\n\t\t\t\t\t\t\t\t\t\t\t<span class=\"elementor-icon-list-icon\">\n\t\t\t\t\t\t\t<i aria-hidden=\"true\" class=\"fas fa-check\"><\/i>\t\t\t\t\t\t<\/span>\n\t\t\t\t\t\t\t\t\t\t<span class=\"elementor-icon-list-text\">Bank name: CIB Bank<\/span>\n\t\t\t\t\t\t\t\t\t<\/li>\n\t\t\t\t\t\t\t\t<li class=\"elementor-icon-list-item\">\n\t\t\t\t\t\t\t\t\t\t\t<span class=\"elementor-icon-list-icon\">\n\t\t\t\t\t\t\t<i aria-hidden=\"true\" class=\"fas fa-check\"><\/i>\t\t\t\t\t\t<\/span>\n\t\t\t\t\t\t\t\t\t\t<span class=\"elementor-icon-list-text\">Account number \/ Sz\u00e1mlasz\u00e1m: HU79 1070 0244 6732 7821 5110 0005, CIBHHUHB<\/span>\n\t\t\t\t\t\t\t\t\t<\/li>\n\t\t\t\t\t\t\t\t<li class=\"elementor-icon-list-item\">\n\t\t\t\t\t\t\t\t\t\t\t<a href=\"mailto:hungary@hmaa.org\">\n\n\t\t\t\t\t\t\t\t\t\t\t\t<span class=\"elementor-icon-list-icon\">\n\t\t\t\t\t\t\t<i aria-hidden=\"true\" class=\"fas fa-envelope-open-text\"><\/i>\t\t\t\t\t\t<\/span>\n\t\t\t\t\t\t\t\t\t\t<span class=\"elementor-icon-list-text\">E-mail: hungary@hmaa.org<\/span>\n\t\t\t\t\t\t\t\t\t\t\t<\/a>\n\t\t\t\t\t\t\t\t\t<\/li>\n\t\t\t\t\t\t\t\t<li class=\"elementor-icon-list-item\">\n\t\t\t\t\t\t\t\t\t\t\t<span class=\"elementor-icon-list-icon\">\n\t\t\t\t\t\t\t<i aria-hidden=\"true\" class=\"fab fa-skype\"><\/i>\t\t\t\t\t\t<\/span>\n\t\t\t\t\t\t\t\t\t\t<span class=\"elementor-icon-list-text\">Skype: hmaa_hungary<\/span>\n\t\t\t\t\t\t\t\t\t<\/li>\n\t\t\t\t\t\t\t\t<li class=\"elementor-icon-list-item\">\n\t\t\t\t\t\t\t\t\t\t\t<a href=\"https:\/\/www.facebook.com\/hmaaorg\/\">\n\n\t\t\t\t\t\t\t\t\t\t\t\t<span class=\"elementor-icon-list-icon\">\n\t\t\t\t\t\t\t<i aria-hidden=\"true\" class=\"fab fa-facebook-square\"><\/i>\t\t\t\t\t\t<\/span>\n\t\t\t\t\t\t\t\t\t\t<span class=\"elementor-icon-list-text\">Facebook: https:\/\/www.facebook.com\/hmaaorg\/<\/span>\n\t\t\t\t\t\t\t\t\t\t\t<\/a>\n\t\t\t\t\t\t\t\t\t<\/li>\n\t\t\t\t\t\t<\/ul>\n\t\t\t\t\t\t<\/div>\n\t\t\t\t<\/div>\n\t\t\t\t\t<\/div>\n\t\t<\/div>\n\t\t\t\t\t<\/div>\n\t\t<\/section>\n\t\t\t\t<section class=\"elementor-section elementor-top-section elementor-element elementor-element-422ef37 elementor-section-height-min-height elementor-section-boxed elementor-section-height-default elementor-section-items-middle\" data-id=\"422ef37\" data-element_type=\"section\" data-e-type=\"section\" data-settings=\"{&quot;background_background&quot;:&quot;classic&quot;}\">\n\t\t\t\t\t\t<div class=\"elementor-container elementor-column-gap-default\">\n\t\t\t\t\t<div class=\"elementor-column elementor-col-50 elementor-top-column elementor-element elementor-element-224afef\" data-id=\"224afef\" data-element_type=\"column\" data-e-type=\"column\">\n\t\t\t<div class=\"elementor-widget-wrap elementor-element-populated\">\n\t\t\t\t\t\t<div class=\"elementor-element elementor-element-dbab477 animated-slow elementor-invisible elementor-widget elementor-widget-heading\" data-id=\"dbab477\" data-element_type=\"widget\" data-e-type=\"widget\" data-settings=\"{&quot;_animation&quot;:&quot;fadeIn&quot;}\" data-widget_type=\"heading.default\">\n\t\t\t\t<div class=\"elementor-widget-container\">\n\t\t\t\t\t<h1 class=\"elementor-heading-title elementor-size-default\">K\u00f6zvetlen kapcsolatfelv\u00e9tel:<\/h1>\t\t\t\t<\/div>\n\t\t\t\t<\/div>\n\t\t\t\t<div class=\"elementor-element elementor-element-1e0d89c elementor-invisible elementor-widget elementor-widget-text-editor\" data-id=\"1e0d89c\" data-element_type=\"widget\" data-e-type=\"widget\" data-settings=\"{&quot;_animation&quot;:&quot;fadeIn&quot;}\" data-widget_type=\"text-editor.default\">\n\t\t\t\t<div class=\"elementor-widget-container\">\n\t\t\t\t\t\t\t\t\t<p>A tags\u00e1ggal kapcsolatos k\u00e9rd\u00e9seket a <a href=\"mailto:hungary@hmaa.org\"><strong><span style=\"color: #000000;\">hungary@hmaa.org<\/span><\/strong><\/a> c\u00edmen fogadjuk.<\/p>\t\t\t\t\t\t\t\t<\/div>\n\t\t\t\t<\/div>\n\t\t\t\t<section class=\"elementor-section elementor-inner-section elementor-element elementor-element-dc97703 elementor-section-boxed elementor-section-height-default elementor-section-height-default\" data-id=\"dc97703\" data-element_type=\"section\" data-e-type=\"section\" data-settings=\"{&quot;background_background&quot;:&quot;classic&quot;}\">\n\t\t\t\t\t\t<div class=\"elementor-container elementor-column-gap-default\">\n\t\t\t\t\t<div class=\"elementor-column elementor-col-100 elementor-inner-column elementor-element elementor-element-117787a\" data-id=\"117787a\" data-element_type=\"column\" data-e-type=\"column\">\n\t\t\t<div class=\"elementor-widget-wrap elementor-element-populated\">\n\t\t\t\t\t\t<div class=\"elementor-element elementor-element-8dadba8 elementor-button-align-center elementor-widget elementor-widget-form\" data-id=\"8dadba8\" data-element_type=\"widget\" data-e-type=\"widget\" data-settings=\"{&quot;step_next_label&quot;:&quot;Next&quot;,&quot;step_previous_label&quot;:&quot;Previous&quot;,&quot;button_width&quot;:&quot;100&quot;,&quot;step_type&quot;:&quot;number_text&quot;,&quot;step_icon_shape&quot;:&quot;circle&quot;}\" data-widget_type=\"form.default\">\n\t\t\t\t<div class=\"elementor-widget-container\">\n\t\t\t\t\t\t\t<form class=\"elementor-form\" method=\"post\" name=\"New Form\" aria-label=\"New Form\">\n\t\t\t<input type=\"hidden\" name=\"post_id\" value=\"2428\"\/>\n\t\t\t<input type=\"hidden\" name=\"form_id\" value=\"8dadba8\"\/>\n\t\t\t<input type=\"hidden\" name=\"referer_title\" value=\"El\u00e9rhet\u0151s\u00e9g - HMAA Hungary Chapter\" \/>\n\n\t\t\t\t\t\t\t<input type=\"hidden\" name=\"queried_id\" value=\"2428\"\/>\n\t\t\t\n\t\t\t<div class=\"elementor-form-fields-wrapper elementor-labels-\">\n\t\t\t\t\t\t\t\t<div class=\"elementor-field-type-text elementor-field-group elementor-column elementor-field-group-name elementor-col-100 elementor-field-required\">\n\t\t\t\t\t\t\t\t\t\t\t\t\t<input size=\"1\" type=\"text\" name=\"form_fields[name]\" id=\"form-field-name\" class=\"elementor-field elementor-size-md  elementor-field-textual\" placeholder=\"N\u00e9v\" required=\"required\">\n\t\t\t\t\t\t\t\t\t\t\t<\/div>\n\t\t\t\t\t\t\t\t<div class=\"elementor-field-type-email elementor-field-group elementor-column elementor-field-group-email elementor-col-100 elementor-field-required\">\n\t\t\t\t\t\t\t\t\t\t\t\t\t<input size=\"1\" type=\"email\" name=\"form_fields[email]\" id=\"form-field-email\" class=\"elementor-field elementor-size-md  elementor-field-textual\" placeholder=\"Email c\u00edm\" required=\"required\">\n\t\t\t\t\t\t\t\t\t\t\t<\/div>\n\t\t\t\t\t\t\t\t<div class=\"elementor-field-type-textarea elementor-field-group elementor-column elementor-field-group-message elementor-col-100\">\n\t\t\t\t\t<textarea class=\"elementor-field-textual elementor-field  elementor-size-md\" name=\"form_fields[message]\" id=\"form-field-message\" rows=\"5\" placeholder=\"\u00dczenet\"><\/textarea>\t\t\t\t<\/div>\n\t\t\t\t\t\t\t\t<div class=\"elementor-field-type-acceptance elementor-field-group elementor-column elementor-field-group-field_bb4c219 elementor-col-100 elementor-field-required\">\n\t\t\t\t\t\t\t<div class=\"elementor-field-subgroup\">\n\t\t\t<span class=\"elementor-field-option\">\n\t\t\t\t<input type=\"checkbox\" name=\"form_fields[field_bb4c219]\" id=\"form-field-field_bb4c219\" class=\"elementor-field elementor-size-md  elementor-acceptance-field\" required=\"required\">\n\t\t\t\t<label for=\"form-field-field_bb4c219\">Elfogadom az Adatkezel\u00e9si nyilatkozatot! *<\/label>\t\t\t<\/span>\n\t\t<\/div>\n\t\t\t\t\t\t<\/div>\n\t\t\t\t\t\t\t\t<div class=\"elementor-field-type-recaptcha_v3 elementor-field-group elementor-column elementor-field-group-field_61e016e elementor-col-100 recaptcha_v3-bottomleft\">\n\t\t\t\t\t<div class=\"elementor-field\" id=\"form-field-field_61e016e\"><div class=\"elementor-g-recaptcha\" data-sitekey=\"6LfODF8pAAAAAEH_oPMSS68AB_cOauZsLaRkrXvf\" data-type=\"v3\" data-action=\"Form\" data-badge=\"bottomleft\" data-size=\"invisible\"><\/div><\/div>\t\t\t\t<\/div>\n\t\t\t\t\t\t\t\t<div class=\"elementor-field-group elementor-column elementor-field-type-submit elementor-col-100 e-form__buttons\">\n\t\t\t\t\t<button class=\"elementor-button elementor-size-sm elementor-animation-push\" type=\"submit\">\n\t\t\t\t\t\t<span class=\"elementor-button-content-wrapper\">\n\t\t\t\t\t\t\t\t\t\t\t\t\t\t\t<span class=\"elementor-button-icon\">\n\t\t\t\t\t\t\t\t\t<i class=\"fa fa-envelope\" aria-hidden=\"true\"><\/i>\t\t\t\t\t\t\t\t\t\t\t\t\t\t\t\t\t<\/span>\n\t\t\t\t\t\t\t\t\t\t\t\t\t\t\t\t\t\t\t\t\t\t<span class=\"elementor-button-text\">K\u00fcld\u00e9s<\/span>\n\t\t\t\t\t\t\t\t\t\t\t\t\t<\/span>\n\t\t\t\t\t<\/button>\n\t\t\t\t<\/div>\n\t\t\t<\/div>\n\t\t<\/form>\n\t\t\t\t\t\t<\/div>\n\t\t\t\t<\/div>\n\t\t\t\t\t<\/div>\n\t\t<\/div>\n\t\t\t\t\t<\/div>\n\t\t<\/section>\n\t\t\t\t\t<\/div>\n\t\t<\/div>\n\t\t\t\t<div class=\"elementor-column elementor-col-50 elementor-top-column elementor-element elementor-element-de93b6d\" data-id=\"de93b6d\" data-element_type=\"column\" data-e-type=\"column\">\n\t\t\t<div class=\"elementor-widget-wrap elementor-element-populated\">\n\t\t\t\t\t\t<div class=\"elementor-element elementor-element-db16010 elementor-widget elementor-widget-image\" data-id=\"db16010\" data-element_type=\"widget\" data-e-type=\"widget\" data-widget_type=\"image.default\">\n\t\t\t\t<div class=\"elementor-widget-container\">\n\t\t\t\t\t\t\t\t\t\t\t\t\t\t\t<img fetchpriority=\"high\" decoding=\"async\" width=\"1607\" height=\"1165\" src=\"https:\/\/www.hmaa-hc.hu\/wp-content\/uploads\/2022\/06\/IMG_4315-1-scaled-e1771104012501.jpg\" class=\"attachment-full size-full wp-image-315\" alt=\"\" srcset=\"https:\/\/www.hmaa-hc.hu\/wp-content\/uploads\/2022\/06\/IMG_4315-1-scaled-e1771104012501.jpg 1607w, https:\/\/www.hmaa-hc.hu\/wp-content\/uploads\/2022\/06\/IMG_4315-1-scaled-e1771104012501-300x217.jpg 300w, https:\/\/www.hmaa-hc.hu\/wp-content\/uploads\/2022\/06\/IMG_4315-1-scaled-e1771104012501-1024x742.jpg 1024w, https:\/\/www.hmaa-hc.hu\/wp-content\/uploads\/2022\/06\/IMG_4315-1-scaled-e1771104012501-768x557.jpg 768w, https:\/\/www.hmaa-hc.hu\/wp-content\/uploads\/2022\/06\/IMG_4315-1-scaled-e1771104012501-1536x1114.jpg 1536w, https:\/\/www.hmaa-hc.hu\/wp-content\/uploads\/2022\/06\/IMG_4315-1-scaled-e1771104012501-18x12.jpg 18w\" sizes=\"(max-width: 1607px) 100vw, 1607px\" \/>\t\t\t\t\t\t\t\t\t\t\t\t\t\t\t<\/div>\n\t\t\t\t<\/div>\n\t\t\t\t\t<\/div>\n\t\t<\/div>\n\t\t\t\t\t<\/div>\n\t\t<\/section>\n\t\t\t\t<\/div>\n\t\t","protected":false},"excerpt":{"rendered":"<p>El\u00e9rhet\u0151s\u00e9gek Postac\u00edm \/ Post address: 7627 P\u00e9cs, T\u00e1tra utca 1. Sz\u00e9khely: 7627 P\u00e9cs, T\u00e1tra utca 1. Ad\u00f3sz\u00e1m: 18273744-1-02 Eln\u00f6k \/ President: Dr. Horv\u00e1th G\u00e1bor Bank Account: Amerikai Magyar Orvossz\u00f6vets\u00e9g Magyarorsz\u00e1gi Tagozat Egyes\u00fclet \/AMOSZ MTE Bank name: CIB Bank Account number \/ Sz\u00e1mlasz\u00e1m: HU79 1070 0244 6732 7821 5110 0005, CIBHHUHB E-mail: hungary@hmaa.org Skype: hmaa_hungary Facebook: [&hellip;]<\/p>\n","protected":false},"author":1,"featured_media":0,"parent":0,"menu_order":0,"comment_status":"closed","ping_status":"closed","template":"elementor_header_footer","meta":{"footnotes":""},"class_list":["post-2428","page","type-page","status-publish","hentry"],"yoast_head":"<!-- This site is optimized with the Yoast SEO plugin v27.4 - https:\/\/yoast.com\/product\/yoast-seo-wordpress\/ -->\n<title>El\u00e9rhet\u0151s\u00e9g - HMAA Hungary Chapter<\/title>\n<meta name=\"robots\" content=\"index, follow, max-snippet:-1, max-image-preview:large, max-video-preview:-1\" \/>\n<link rel=\"canonical\" href=\"https:\/\/www.hmaa-hc.hu\/en\/elerhetoseg\/\" \/>\n<meta property=\"og:locale\" content=\"en_GB\" \/>\n<meta property=\"og:type\" content=\"article\" \/>\n<meta property=\"og:title\" content=\"El\u00e9rhet\u0151s\u00e9g - HMAA Hungary Chapter\" \/>\n<meta property=\"og:description\" content=\"El\u00e9rhet\u0151s\u00e9gek Postac\u00edm \/ Post address: 7627 P\u00e9cs, T\u00e1tra utca 1. Sz\u00e9khely: 7627 P\u00e9cs, T\u00e1tra utca 1. Ad\u00f3sz\u00e1m: 18273744-1-02 Eln\u00f6k \/ President: Dr. Horv\u00e1th G\u00e1bor Bank Account: Amerikai Magyar Orvossz\u00f6vets\u00e9g Magyarorsz\u00e1gi Tagozat Egyes\u00fclet \/AMOSZ MTE Bank name: CIB Bank Account number \/ Sz\u00e1mlasz\u00e1m: HU79 1070 0244 6732 7821 5110 0005, CIBHHUHB E-mail: hungary@hmaa.org Skype: hmaa_hungary Facebook: [&hellip;]\" \/>\n<meta property=\"og:url\" content=\"https:\/\/www.hmaa-hc.hu\/en\/elerhetoseg\/\" \/>\n<meta property=\"og:site_name\" content=\"HMAA Hungary Chapter\" \/>\n<meta property=\"article:modified_time\" content=\"2026-02-14T21:21:02+00:00\" \/>\n<meta property=\"og:image\" content=\"https:\/\/www.hmaa-hc.hu\/wp-content\/uploads\/2022\/06\/IMG_4315-1-scaled-e1771104012501.jpg\" \/>\n\t<meta property=\"og:image:width\" content=\"1607\" \/>\n\t<meta property=\"og:image:height\" content=\"1165\" \/>\n\t<meta property=\"og:image:type\" content=\"image\/jpeg\" \/>\n<meta name=\"twitter:card\" content=\"summary_large_image\" \/>\n<meta name=\"twitter:label1\" content=\"Estimated reading time\" \/>\n\t<meta name=\"twitter:data1\" content=\"1 minute\" \/>\n<script type=\"application\/ld+json\" class=\"yoast-schema-graph\">{\"@context\":\"https:\\\/\\\/schema.org\",\"@graph\":[{\"@type\":\"WebPage\",\"@id\":\"https:\\\/\\\/www.hmaa-hc.hu\\\/elerhetoseg\\\/\",\"url\":\"https:\\\/\\\/www.hmaa-hc.hu\\\/elerhetoseg\\\/\",\"name\":\"El\u00e9rhet\u0151s\u00e9g - HMAA Hungary Chapter\",\"isPartOf\":{\"@id\":\"https:\\\/\\\/www.hmaa-hc.hu\\\/#website\"},\"primaryImageOfPage\":{\"@id\":\"https:\\\/\\\/www.hmaa-hc.hu\\\/elerhetoseg\\\/#primaryimage\"},\"image\":{\"@id\":\"https:\\\/\\\/www.hmaa-hc.hu\\\/elerhetoseg\\\/#primaryimage\"},\"thumbnailUrl\":\"https:\\\/\\\/www.hmaa-hc.hu\\\/wp-content\\\/uploads\\\/2022\\\/06\\\/IMG_4315-1-scaled-e1771104012501.jpg\",\"datePublished\":\"2024-01-28T17:25:44+00:00\",\"dateModified\":\"2026-02-14T21:21:02+00:00\",\"breadcrumb\":{\"@id\":\"https:\\\/\\\/www.hmaa-hc.hu\\\/elerhetoseg\\\/#breadcrumb\"},\"inLanguage\":\"en-GB\",\"potentialAction\":[{\"@type\":\"ReadAction\",\"target\":[\"https:\\\/\\\/www.hmaa-hc.hu\\\/elerhetoseg\\\/\"]}]},{\"@type\":\"ImageObject\",\"inLanguage\":\"en-GB\",\"@id\":\"https:\\\/\\\/www.hmaa-hc.hu\\\/elerhetoseg\\\/#primaryimage\",\"url\":\"https:\\\/\\\/www.hmaa-hc.hu\\\/wp-content\\\/uploads\\\/2022\\\/06\\\/IMG_4315-1-scaled-e1771104012501.jpg\",\"contentUrl\":\"https:\\\/\\\/www.hmaa-hc.hu\\\/wp-content\\\/uploads\\\/2022\\\/06\\\/IMG_4315-1-scaled-e1771104012501.jpg\"},{\"@type\":\"BreadcrumbList\",\"@id\":\"https:\\\/\\\/www.hmaa-hc.hu\\\/elerhetoseg\\\/#breadcrumb\",\"itemListElement\":[{\"@type\":\"ListItem\",\"position\":1,\"name\":\"Kezd\u0151lap\",\"item\":\"https:\\\/\\\/www.hmaa-hc.hu\\\/\"},{\"@type\":\"ListItem\",\"position\":2,\"name\":\"El\u00e9rhet\u0151s\u00e9g\"}]},{\"@type\":\"WebSite\",\"@id\":\"https:\\\/\\\/www.hmaa-hc.hu\\\/#website\",\"url\":\"https:\\\/\\\/www.hmaa-hc.hu\\\/\",\"name\":\"HMAA Hungary Chapter\",\"description\":\"Amerikai Magyar Orvossz\u00f6vets\u00e9g magyarorsz\u00e1gi tagozata\",\"potentialAction\":[{\"@type\":\"SearchAction\",\"target\":{\"@type\":\"EntryPoint\",\"urlTemplate\":\"https:\\\/\\\/www.hmaa-hc.hu\\\/?s={search_term_string}\"},\"query-input\":{\"@type\":\"PropertyValueSpecification\",\"valueRequired\":true,\"valueName\":\"search_term_string\"}}],\"inLanguage\":\"en-GB\"}]}<\/script>\n<!-- \/ Yoast SEO plugin. -->","yoast_head_json":{"title":"Contact - HMAA Hungary Chapter","robots":{"index":"index","follow":"follow","max-snippet":"max-snippet:-1","max-image-preview":"max-image-preview:large","max-video-preview":"max-video-preview:-1"},"canonical":"https:\/\/www.hmaa-hc.hu\/en\/elerhetoseg\/","og_locale":"en_GB","og_type":"article","og_title":"El\u00e9rhet\u0151s\u00e9g - HMAA Hungary Chapter","og_description":"El\u00e9rhet\u0151s\u00e9gek Postac\u00edm \/ Post address: 7627 P\u00e9cs, T\u00e1tra utca 1. Sz\u00e9khely: 7627 P\u00e9cs, T\u00e1tra utca 1. Ad\u00f3sz\u00e1m: 18273744-1-02 Eln\u00f6k \/ President: Dr. Horv\u00e1th G\u00e1bor Bank Account: Amerikai Magyar Orvossz\u00f6vets\u00e9g Magyarorsz\u00e1gi Tagozat Egyes\u00fclet \/AMOSZ MTE Bank name: CIB Bank Account number \/ Sz\u00e1mlasz\u00e1m: HU79 1070 0244 6732 7821 5110 0005, CIBHHUHB E-mail: hungary@hmaa.org Skype: hmaa_hungary Facebook: [&hellip;]","og_url":"https:\/\/www.hmaa-hc.hu\/en\/elerhetoseg\/","og_site_name":"HMAA Hungary Chapter","article_modified_time":"2026-02-14T21:21:02+00:00","og_image":[{"width":1607,"height":1165,"url":"https:\/\/www.hmaa-hc.hu\/wp-content\/uploads\/2022\/06\/IMG_4315-1-scaled-e1771104012501.jpg","type":"image\/jpeg"}],"twitter_card":"summary_large_image","twitter_misc":{"Estimated reading time":"1 minute"},"schema":{"@context":"https:\/\/schema.org","@graph":[{"@type":"WebPage","@id":"https:\/\/www.hmaa-hc.hu\/elerhetoseg\/","url":"https:\/\/www.hmaa-hc.hu\/elerhetoseg\/","name":"Contact - HMAA Hungary Chapter","isPartOf":{"@id":"https:\/\/www.hmaa-hc.hu\/#website"},"primaryImageOfPage":{"@id":"https:\/\/www.hmaa-hc.hu\/elerhetoseg\/#primaryimage"},"image":{"@id":"https:\/\/www.hmaa-hc.hu\/elerhetoseg\/#primaryimage"},"thumbnailUrl":"https:\/\/www.hmaa-hc.hu\/wp-content\/uploads\/2022\/06\/IMG_4315-1-scaled-e1771104012501.jpg","datePublished":"2024-01-28T17:25:44+00:00","dateModified":"2026-02-14T21:21:02+00:00","breadcrumb":{"@id":"https:\/\/www.hmaa-hc.hu\/elerhetoseg\/#breadcrumb"},"inLanguage":"en-GB","potentialAction":[{"@type":"ReadAction","target":["https:\/\/www.hmaa-hc.hu\/elerhetoseg\/"]}]},{"@type":"ImageObject","inLanguage":"en-GB","@id":"https:\/\/www.hmaa-hc.hu\/elerhetoseg\/#primaryimage","url":"https:\/\/www.hmaa-hc.hu\/wp-content\/uploads\/2022\/06\/IMG_4315-1-scaled-e1771104012501.jpg","contentUrl":"https:\/\/www.hmaa-hc.hu\/wp-content\/uploads\/2022\/06\/IMG_4315-1-scaled-e1771104012501.jpg"},{"@type":"BreadcrumbList","@id":"https:\/\/www.hmaa-hc.hu\/elerhetoseg\/#breadcrumb","itemListElement":[{"@type":"ListItem","position":1,"name":"Kezd\u0151lap","item":"https:\/\/www.hmaa-hc.hu\/"},{"@type":"ListItem","position":2,"name":"El\u00e9rhet\u0151s\u00e9g"}]},{"@type":"WebSite","@id":"https:\/\/www.hmaa-hc.hu\/#website","url":"https:\/\/www.hmaa-hc.hu\/","name":"HMAA Hungary Chapter","description":"Hungarian American Medical Association, Hungarian Chapter","potentialAction":[{"@type":"SearchAction","target":{"@type":"EntryPoint","urlTemplate":"https:\/\/www.hmaa-hc.hu\/?s={search_term_string}"},"query-input":{"@type":"PropertyValueSpecification","valueRequired":true,"valueName":"search_term_string"}}],"inLanguage":"en-GB"}]}},"_links":{"self":[{"href":"https:\/\/www.hmaa-hc.hu\/en\/wp-json\/wp\/v2\/pages\/2428","targetHints":{"allow":["GET"]}}],"collection":[{"href":"https:\/\/www.hmaa-hc.hu\/en\/wp-json\/wp\/v2\/pages"}],"about":[{"href":"https:\/\/www.hmaa-hc.hu\/en\/wp-json\/wp\/v2\/types\/page"}],"author":[{"embeddable":true,"href":"https:\/\/www.hmaa-hc.hu\/en\/wp-json\/wp\/v2\/users\/1"}],"replies":[{"embeddable":true,"href":"https:\/\/www.hmaa-hc.hu\/en\/wp-json\/wp\/v2\/comments?post=2428"}],"version-history":[{"count":37,"href":"https:\/\/www.hmaa-hc.hu\/en\/wp-json\/wp\/v2\/pages\/2428\/revisions"}],"predecessor-version":[{"id":3717,"href":"https:\/\/www.hmaa-hc.hu\/en\/wp-json\/wp\/v2\/pages\/2428\/revisions\/3717"}],"wp:attachment":[{"href":"https:\/\/www.hmaa-hc.hu\/en\/wp-json\/wp\/v2\/media?parent=2428"}],"curies":[{"name":"wp","href":"https:\/\/api.w.org\/{rel}","templated":true}]}}