{"id":1051,"date":"2022-07-05T11:35:28","date_gmt":"2022-07-05T11:35:28","guid":{"rendered":"https:\/\/www.hmaa-hc.hu\/?page_id=1051"},"modified":"2022-07-05T11:53:23","modified_gmt":"2022-07-05T11:53:23","slug":"sarasota","status":"publish","type":"page","link":"https:\/\/www.hmaa-hc.hu\/en\/sarasota\/","title":{"rendered":"Sarasota"},"content":{"rendered":"<div data-elementor-type=\"wp-page\" data-elementor-id=\"1051\" class=\"elementor elementor-1051\" data-elementor-post-type=\"page\">\n\t\t\t\t\t\t<section class=\"elementor-section elementor-top-section elementor-element elementor-element-108d262 elementor-section-height-min-height elementor-section-content-middle elementor-section-boxed elementor-section-height-default elementor-section-items-middle\" data-id=\"108d262\" data-element_type=\"section\" data-settings=\"{&quot;background_background&quot;:&quot;classic&quot;,&quot;shape_divider_bottom&quot;:&quot;book&quot;}\">\n\t\t\t\t\t<div class=\"elementor-shape elementor-shape-bottom\" aria-hidden=\"true\" data-negative=\"false\">\n\t\t\t<svg xmlns=\"http:\/\/www.w3.org\/2000\/svg\" viewbox=\"0 0 1000 100\" preserveaspectratio=\"none\">\n\t<path class=\"elementor-shape-fill\" d=\"M194,99c186.7,0.7,305-78.3,306-97.2c1,18.9,119.3,97.9,306,97.2c114.3-0.3,194,0.3,194,0.3s0-91.7,0-100c0,0,0,0,0-0 L0,0v99.3C0,99.3,79.7,98.7,194,99z\"\/>\n<\/svg>\t\t<\/div>\n\t\t\t\t\t<div class=\"elementor-container elementor-column-gap-default\">\n\t\t\t\t\t<div class=\"elementor-column elementor-col-100 elementor-top-column elementor-element elementor-element-d4ffd71\" data-id=\"d4ffd71\" data-element_type=\"column\" data-settings=\"{&quot;background_background&quot;:&quot;classic&quot;}\">\n\t\t\t<div class=\"elementor-widget-wrap elementor-element-populated\">\n\t\t\t\t\t\t<div class=\"elementor-element elementor-element-0867bb9 elementor-widget elementor-widget-heading\" data-id=\"0867bb9\" data-element_type=\"widget\" data-widget_type=\"heading.default\">\n\t\t\t\t<div class=\"elementor-widget-container\">\n\t\t\t\t\t<h1 class=\"elementor-heading-title elementor-size-default\">Sarasota conference<\/h1>\t\t\t\t<\/div>\n\t\t\t\t<\/div>\n\t\t\t\t\t<\/div>\n\t\t<\/div>\n\t\t\t\t\t<\/div>\n\t\t<\/section>\n\t\t\t\t<section class=\"elementor-section elementor-top-section elementor-element elementor-element-482acaf elementor-section-height-min-height elementor-section-boxed elementor-section-height-default elementor-section-items-middle\" data-id=\"482acaf\" data-element_type=\"section\" data-settings=\"{&quot;background_background&quot;:&quot;classic&quot;}\">\n\t\t\t\t\t\t<div class=\"elementor-container elementor-column-gap-default\">\n\t\t\t\t\t<div class=\"elementor-column elementor-col-100 elementor-top-column elementor-element elementor-element-c895c0f animated-slow elementor-invisible\" data-id=\"c895c0f\" data-element_type=\"column\" data-settings=\"{&quot;animation&quot;:&quot;fadeIn&quot;,&quot;background_background&quot;:&quot;classic&quot;}\">\n\t\t\t<div class=\"elementor-widget-wrap elementor-element-populated\">\n\t\t\t\t\t<div class=\"elementor-background-overlay\"><\/div>\n\t\t\t\t\t\t<div class=\"elementor-element elementor-element-5ce947b elementor-widget elementor-widget-image\" data-id=\"5ce947b\" data-element_type=\"widget\" data-widget_type=\"image.default\">\n\t\t\t\t<div class=\"elementor-widget-container\">\n\t\t\t\t\t\t\t\t\t\t\t\t\t\t\t<img fetchpriority=\"high\" decoding=\"async\" width=\"634\" height=\"857\" src=\"https:\/\/www.hmaa-hc.hu\/wp-content\/uploads\/2022\/07\/sarasota.jpg\" class=\"attachment-large size-large wp-image-1056\" alt=\"\" srcset=\"https:\/\/www.hmaa-hc.hu\/wp-content\/uploads\/2022\/07\/sarasota.jpg 634w, https:\/\/www.hmaa-hc.hu\/wp-content\/uploads\/2022\/07\/sarasota-222x300.jpg 222w, https:\/\/www.hmaa-hc.hu\/wp-content\/uploads\/2022\/07\/sarasota-600x811.jpg 600w\" sizes=\"(max-width: 634px) 100vw, 634px\" \/>\t\t\t\t\t\t\t\t\t\t\t\t\t\t\t<\/div>\n\t\t\t\t<\/div>\n\t\t\t\t<div class=\"elementor-element elementor-element-37d583a elementor-align-center elementor-widget elementor-widget-button\" data-id=\"37d583a\" data-element_type=\"widget\" data-widget_type=\"button.default\">\n\t\t\t\t<div class=\"elementor-widget-container\">\n\t\t\t\t\t\t\t\t\t<div class=\"elementor-button-wrapper\">\n\t\t\t\t\t<a class=\"elementor-button elementor-button-link elementor-size-sm\" href=\"https:\/\/www.hmaa-hc.hu\/wp-content\/uploads\/2022\/07\/Attachment2.pdf\">\n\t\t\t\t\t\t<span class=\"elementor-button-content-wrapper\">\n\t\t\t\t\t\t\t\t\t<span class=\"elementor-button-text\">DOWNLOAD IN PDF FORMAT<\/span>\n\t\t\t\t\t<\/span>\n\t\t\t\t\t<\/a>\n\t\t\t\t<\/div>\n\t\t\t\t\t\t\t\t<\/div>\n\t\t\t\t<\/div>\n\t\t\t\t<div class=\"elementor-element elementor-element-9c489e1 elementor-invisible elementor-widget elementor-widget-text-editor\" data-id=\"9c489e1\" data-element_type=\"widget\" data-settings=\"{&quot;_animation&quot;:&quot;fadeIn&quot;}\" data-widget_type=\"text-editor.default\">\n\t\t\t\t<div class=\"elementor-widget-container\">\n\t\t\t\t\t\t\t\t\t<p><span style=\"text-decoration: underline;\">WELCOME TO THE NEW HMAA WEBSITE<\/span><br \/>Website address: <strong><a href=\"https:\/\/hmaa.org\">https:\/\/hmaa.org<\/a><\/strong><br \/>The website is optimized for the latest browsers, so please use Safari, Google Chrome or Microsoft Edge (Explorer does not seem to work well). The website is completely new and may have some glitches in the beginning, although we tried to test everything. If you see any issues<br \/>(typos, link not working correctly, etc.) please let us know so we can fix it asap.<br \/><strong>CREATE AN ACCOUNT<\/strong><br \/><img decoding=\"async\" class=\"aligncenter wp-image-1057 size-full\" src=\"https:\/\/www.hmaa-hc.hu\/wp-content\/uploads\/2022\/07\/registration.jpg\" alt=\"\" width=\"735\" height=\"240\" srcset=\"https:\/\/www.hmaa-hc.hu\/wp-content\/uploads\/2022\/07\/registration.jpg 735w, https:\/\/www.hmaa-hc.hu\/wp-content\/uploads\/2022\/07\/registration-300x98.jpg 300w, https:\/\/www.hmaa-hc.hu\/wp-content\/uploads\/2022\/07\/registration-600x196.jpg 600w\" sizes=\"(max-width: 735px) 100vw, 735px\" \/>In order to access various functions on the website (like conference registration, abstract submission, etc.) you have to register (create an account). This process only creates an account for you on the website, it has nothing to do with membership or conference registration.<br \/>Please click on <strong>PROFILE<\/strong> and choose <strong>REGISTRATION.<\/strong><br \/>Enter the requested data and press <strong>SUBMIT.<\/strong><br \/>You will receive an email (\"HMAA Your username and password info\") which will provide the username you created, a temporary password and a link to the website. Once you log in, you can change the password under <strong>PROFILE<\/strong>. It may take a few minutes to receive the emails.<br \/>Sometimes the email ends up in the junk folder, so please check there as well if do not seem to receive the email. If this is the case, please move the email from the Junk folder to your Inbox, which will prevent further emails from the HMAA to end up in the Junk folder.<\/p><p><span style=\"text-decoration: underline;\"><strong>MEMBERSHIP<\/strong><\/span><br \/><img decoding=\"async\" class=\"aligncenter wp-image-1058 size-full\" src=\"https:\/\/www.hmaa-hc.hu\/wp-content\/uploads\/2022\/07\/membership.jpg\" alt=\"\" width=\"721\" height=\"174\" srcset=\"https:\/\/www.hmaa-hc.hu\/wp-content\/uploads\/2022\/07\/membership.jpg 721w, https:\/\/www.hmaa-hc.hu\/wp-content\/uploads\/2022\/07\/membership-300x72.jpg 300w, https:\/\/www.hmaa-hc.hu\/wp-content\/uploads\/2022\/07\/membership-600x145.jpg 600w\" sizes=\"(max-width: 721px) 100vw, 721px\" \/>Once you log in to the website, you will see a menu item named \"<strong>MEMBER AREA<\/strong>\". If you want to become a Member of the HMAA, in order to register for the meeting at the Member rate or access additional contents on the website, you will have to become a Member. In the \"<strong>MEMBER AREA<\/strong>\" please choose \"<strong>BECOME A MEMBER<\/strong>\". Please choose the correct membership category, enter the required data, upload a picture, etc. and pay the membership dues. Please note that the system will only accept and recognize you as a Member if the dues are paid. This information is used to automatically offer you the appropriate membership rate when you register for the conference and helps our books to be current and updated. If you have already paid your dues for 2022, please pay again to become a member. Your dues payment will be refunded to you, unless you want to consider it as a one time donation to the HMAA.<\/p><p><strong>CONFERENCE REGISTRATION<\/strong><br \/><img loading=\"lazy\" decoding=\"async\" class=\"size-full wp-image-1059 aligncenter\" src=\"https:\/\/www.hmaa-hc.hu\/wp-content\/uploads\/2022\/07\/conference.jpg\" alt=\"\" width=\"724\" height=\"221\" srcset=\"https:\/\/www.hmaa-hc.hu\/wp-content\/uploads\/2022\/07\/conference.jpg 724w, https:\/\/www.hmaa-hc.hu\/wp-content\/uploads\/2022\/07\/conference-300x92.jpg 300w, https:\/\/www.hmaa-hc.hu\/wp-content\/uploads\/2022\/07\/conference-600x183.jpg 600w\" sizes=\"(max-width: 724px) 100vw, 724px\" \/>The website only manages the registration for the HMAA Annual Scientific Meeting in Sarasota. If you want to register for the Balatonfured Conference, please click on the link to the Hungary Chapter website. This information is also available under the Balatonfured Conference posting<br \/>on the main page or under the \"<strong>EVENTS<\/strong>\" menu item. If you wish to register for the Annual Meeting in Sarasota, please choose from the top menu<br \/>\"<strong>CONFERENCE<\/strong>\" and then \"<strong>CONFERENCE REGISTRATION FOR ANNUAL MEETING<\/strong>\". There is a box where you can enter whether you want to register for the meeting. Choose \"<strong>Yes<\/strong>\" if you want to register. If you choose \"<strong>No<\/strong>\", the website will allow you to purchase (additional) tickets for the various social functions if you need more or have not purchased them when you registered for the meeting. Please note, that in this case (NOT registering for the meeting), you have to choose at least one social function ticket for the transaction to complete. If you choose to register for the Meeting, the page will show all registration categories as information, but it will only offer you the options available based on your HMAA Membership status. If you are not a paid member, you will not see the Member options for registration. However, the site will offer you the option to become a Member at this point. The one exception is the Resident\/Fellow category, because currently there is only one Resident\/Fellow registration rate independent of membership status. Registration for students is free, however, we encourage all students to become Junior Members (which is free of charge).<br \/>If you are an <strong>INVITED SPEAKER<\/strong> at the meeting, you will receive a \"<strong>coupon code<\/strong>\" from us. Please choose \"<strong>Yes<\/strong>\" for the question whether you are an invited guest and enter the coupon code. In this case the registration will be free of charge. You will also be able to purchase tickets for the various <strong>SOCIAL EVENTS<\/strong> at this time. If you decide to purchase these tickets later or need additional ones, you will also be able to do that later (see above). Please note that the Opening Reception is included in the registration fee for registered participants.<\/p><p><strong>Example of the registration page if you are a Member of the HMAA:<\/strong><br \/><img loading=\"lazy\" decoding=\"async\" class=\"size-full wp-image-1060 aligncenter\" src=\"https:\/\/www.hmaa-hc.hu\/wp-content\/uploads\/2022\/07\/example.jpg\" alt=\"\" width=\"724\" height=\"695\" srcset=\"https:\/\/www.hmaa-hc.hu\/wp-content\/uploads\/2022\/07\/example.jpg 724w, https:\/\/www.hmaa-hc.hu\/wp-content\/uploads\/2022\/07\/example-300x288.jpg 300w, https:\/\/www.hmaa-hc.hu\/wp-content\/uploads\/2022\/07\/example-600x576.jpg 600w\" sizes=\"(max-width: 724px) 100vw, 724px\" \/><\/p><p><strong>Example of the registration page if you are NOT a Member of the HMAA:<\/strong><br \/><img loading=\"lazy\" decoding=\"async\" class=\"size-full wp-image-1061 aligncenter\" src=\"https:\/\/www.hmaa-hc.hu\/wp-content\/uploads\/2022\/07\/not-member.jpg\" alt=\"\" width=\"740\" height=\"215\" srcset=\"https:\/\/www.hmaa-hc.hu\/wp-content\/uploads\/2022\/07\/not-member.jpg 740w, https:\/\/www.hmaa-hc.hu\/wp-content\/uploads\/2022\/07\/not-member-300x87.jpg 300w, https:\/\/www.hmaa-hc.hu\/wp-content\/uploads\/2022\/07\/not-member-600x174.jpg 600w\" sizes=\"(max-width: 740px) 100vw, 740px\" \/><strong>ABSTRACT SUBMISSION<\/strong><br \/>If you would like to submit an abstract for the Annual Meeting, please to \"<strong>CONFERENCE<\/strong>\" and<br \/>\"<strong>ABSTRACT SUBMISSION FOR ANNUAL MEETING<\/strong>\".<br \/><img loading=\"lazy\" decoding=\"async\" class=\"size-full wp-image-1062 aligncenter\" src=\"https:\/\/www.hmaa-hc.hu\/wp-content\/uploads\/2022\/07\/abstract.jpg\" alt=\"\" width=\"731\" height=\"220\" srcset=\"https:\/\/www.hmaa-hc.hu\/wp-content\/uploads\/2022\/07\/abstract.jpg 731w, https:\/\/www.hmaa-hc.hu\/wp-content\/uploads\/2022\/07\/abstract-300x90.jpg 300w, https:\/\/www.hmaa-hc.hu\/wp-content\/uploads\/2022\/07\/abstract-600x181.jpg 600w\" sizes=\"(max-width: 731px) 100vw, 731px\" \/>Please fill in the requested information for the presenting author, including a short biography<\/p><p>and picture (to be used in the published Archives for the meeting).<\/p><p><img loading=\"lazy\" decoding=\"async\" class=\"size-full wp-image-1063 aligncenter\" src=\"https:\/\/www.hmaa-hc.hu\/wp-content\/uploads\/2022\/07\/fill.jpg\" alt=\"\" width=\"721\" height=\"503\" srcset=\"https:\/\/www.hmaa-hc.hu\/wp-content\/uploads\/2022\/07\/fill.jpg 721w, https:\/\/www.hmaa-hc.hu\/wp-content\/uploads\/2022\/07\/fill-300x209.jpg 300w, https:\/\/www.hmaa-hc.hu\/wp-content\/uploads\/2022\/07\/fill-600x419.jpg 600w\" sizes=\"(max-width: 721px) 100vw, 721px\" \/><br \/>You also have the option to upload presentation materials such as the Powerpoint Presentation<br \/>for the meeting. You can also do that later; you will receive an acknowledgement email when<br \/>you submit your abstract which will contain a link to upload you Powerpoint.<br \/>Next, fill the requested data for Authors and Institutions. Please use the slide button to<br \/>determine how many Authors and Institutions you want to enter. You will be able to enter up<br \/>to six (6) Authors and Institutions individually. If you have more than that and you have<br \/>selected the slide button to show 6, an additional free-text field named \"Additional Authors\"<br \/>will appear, where you can enter the additional authors and corresponding institutions.<br \/><img loading=\"lazy\" decoding=\"async\" class=\"size-full wp-image-1064 aligncenter\" src=\"https:\/\/www.hmaa-hc.hu\/wp-content\/uploads\/2022\/07\/author.jpg\" alt=\"\" width=\"729\" height=\"363\" srcset=\"https:\/\/www.hmaa-hc.hu\/wp-content\/uploads\/2022\/07\/author.jpg 729w, https:\/\/www.hmaa-hc.hu\/wp-content\/uploads\/2022\/07\/author-300x149.jpg 300w, https:\/\/www.hmaa-hc.hu\/wp-content\/uploads\/2022\/07\/author-600x299.jpg 600w\" sizes=\"(max-width: 729px) 100vw, 729px\" \/>Fill in the required information for the \"<strong>Conflict of Interest Form<\/strong>\" and the \"Valid Contents<br \/>Declaration Form\" (these forms are required to obtain CME accreditation for the meeting). You<br \/>can sign the forms using the mouse on the computer or drawing with your fingers on a touch<br \/>screen device. Please accept, fill out and sign the \"<strong>Speaker Release Form<\/strong>\". Then click on<br \/>\"<strong>SUBMIT ABSTRACT<\/strong>\". You will receive an acknowledgement email with a link to upload you<br \/>presentation material.<br \/>The other menu items are self-explanatory. Of note, you can see the Program Books and<br \/>Archives of past meetings under \"PAST CONFERENCES\".<br \/>Again, many of the menu items are only visible\/available when you are logged in to the<br \/>website. Some items (like GALLERIES) are only available to Members.<br \/>Please let us know if you have any problems.<\/p>\t\t\t\t\t\t\t\t<\/div>\n\t\t\t\t<\/div>\n\t\t\t\t\t<\/div>\n\t\t<\/div>\n\t\t\t\t\t<\/div>\n\t\t<\/section>\n\t\t\t\t<\/div>","protected":false},"excerpt":{"rendered":"<p>sarasotai konferencia LET\u00d6LT\u00c9S PDF FORM\u00c1TUMBAN WELCOME TO THE NEW HMAA WEBSITEWebsite address: https:\/\/hmaa.orgThe website is optimized for the latest browsers, so please use Safari, Google Chrome or Microsoft Edge (Explorer does not seem to work well). The website is completely new and may have some glitches in the beginning, although we tried to test everything. [&hellip;]<\/p>","protected":false},"author":1,"featured_media":0,"parent":0,"menu_order":0,"comment_status":"closed","ping_status":"closed","template":"elementor_header_footer","meta":{"footnotes":""},"class_list":["post-1051","page","type-page","status-publish","hentry"],"yoast_head":"<!-- This site is optimized with the Yoast SEO plugin v26.7 - https:\/\/yoast.com\/wordpress\/plugins\/seo\/ -->\n<title>Sarasota - HMAA Hungary Chapter<\/title>\n<meta name=\"robots\" content=\"index, follow, max-snippet:-1, max-image-preview:large, max-video-preview:-1\" \/>\n<link rel=\"canonical\" href=\"https:\/\/www.hmaa-hc.hu\/en\/sarasota\/\" \/>\n<meta property=\"og:locale\" content=\"en_GB\" \/>\n<meta property=\"og:type\" content=\"article\" \/>\n<meta property=\"og:title\" content=\"Sarasota - HMAA Hungary Chapter\" \/>\n<meta property=\"og:description\" content=\"sarasotai konferencia LET\u00d6LT\u00c9S PDF FORM\u00c1TUMBAN WELCOME TO THE NEW HMAA WEBSITEWebsite address: https:\/\/hmaa.orgThe website is optimized for the latest browsers, so please use Safari, Google Chrome or Microsoft Edge (Explorer does not seem to work well). The website is completely new and may have some glitches in the beginning, although we tried to test everything. [&hellip;]\" \/>\n<meta property=\"og:url\" content=\"https:\/\/www.hmaa-hc.hu\/en\/sarasota\/\" \/>\n<meta property=\"og:site_name\" content=\"HMAA Hungary Chapter\" \/>\n<meta property=\"article:modified_time\" content=\"2022-07-05T11:53:23+00:00\" \/>\n<meta property=\"og:image\" content=\"https:\/\/www.hmaa-hc.hu\/wp-content\/uploads\/2022\/07\/sarasota.jpg\" \/>\n<meta name=\"twitter:card\" content=\"summary_large_image\" \/>\n<meta name=\"twitter:label1\" content=\"Estimated reading time\" \/>\n\t<meta name=\"twitter:data1\" content=\"5 minutes\" \/>\n<script type=\"application\/ld+json\" class=\"yoast-schema-graph\">{\"@context\":\"https:\/\/schema.org\",\"@graph\":[{\"@type\":\"WebPage\",\"@id\":\"https:\/\/www.hmaa-hc.hu\/sarasota\/\",\"url\":\"https:\/\/www.hmaa-hc.hu\/sarasota\/\",\"name\":\"Sarasota - HMAA Hungary Chapter\",\"isPartOf\":{\"@id\":\"https:\/\/www.hmaa-hc.hu\/#website\"},\"primaryImageOfPage\":{\"@id\":\"https:\/\/www.hmaa-hc.hu\/sarasota\/#primaryimage\"},\"image\":{\"@id\":\"https:\/\/www.hmaa-hc.hu\/sarasota\/#primaryimage\"},\"thumbnailUrl\":\"https:\/\/www.hmaa-hc.hu\/wp-content\/uploads\/2022\/07\/sarasota.jpg\",\"datePublished\":\"2022-07-05T11:35:28+00:00\",\"dateModified\":\"2022-07-05T11:53:23+00:00\",\"breadcrumb\":{\"@id\":\"https:\/\/www.hmaa-hc.hu\/sarasota\/#breadcrumb\"},\"inLanguage\":\"en-GB\",\"potentialAction\":[{\"@type\":\"ReadAction\",\"target\":[\"https:\/\/www.hmaa-hc.hu\/sarasota\/\"]}]},{\"@type\":\"ImageObject\",\"inLanguage\":\"en-GB\",\"@id\":\"https:\/\/www.hmaa-hc.hu\/sarasota\/#primaryimage\",\"url\":\"https:\/\/www.hmaa-hc.hu\/wp-content\/uploads\/2022\/07\/sarasota.jpg\",\"contentUrl\":\"https:\/\/www.hmaa-hc.hu\/wp-content\/uploads\/2022\/07\/sarasota.jpg\"},{\"@type\":\"BreadcrumbList\",\"@id\":\"https:\/\/www.hmaa-hc.hu\/sarasota\/#breadcrumb\",\"itemListElement\":[{\"@type\":\"ListItem\",\"position\":1,\"name\":\"Kezd\u0151lap\",\"item\":\"https:\/\/www.hmaa-hc.hu\/\"},{\"@type\":\"ListItem\",\"position\":2,\"name\":\"Sarasota\"}]},{\"@type\":\"WebSite\",\"@id\":\"https:\/\/www.hmaa-hc.hu\/#website\",\"url\":\"https:\/\/www.hmaa-hc.hu\/\",\"name\":\"HMAA Hungary Chapter\",\"description\":\"Amerikai Magyar Orvossz\u00f6vets\u00e9g magyarorsz\u00e1gi tagozata\",\"potentialAction\":[{\"@type\":\"SearchAction\",\"target\":{\"@type\":\"EntryPoint\",\"urlTemplate\":\"https:\/\/www.hmaa-hc.hu\/?s={search_term_string}\"},\"query-input\":{\"@type\":\"PropertyValueSpecification\",\"valueRequired\":true,\"valueName\":\"search_term_string\"}}],\"inLanguage\":\"en-GB\"}]}<\/script>\n<!-- \/ Yoast SEO plugin. -->","yoast_head_json":{"title":"Sarasota - HMAA Hungary Chapter","robots":{"index":"index","follow":"follow","max-snippet":"max-snippet:-1","max-image-preview":"max-image-preview:large","max-video-preview":"max-video-preview:-1"},"canonical":"https:\/\/www.hmaa-hc.hu\/en\/sarasota\/","og_locale":"en_GB","og_type":"article","og_title":"Sarasota - HMAA Hungary Chapter","og_description":"sarasotai konferencia LET\u00d6LT\u00c9S PDF FORM\u00c1TUMBAN WELCOME TO THE NEW HMAA WEBSITEWebsite address: https:\/\/hmaa.orgThe website is optimized for the latest browsers, so please use Safari, Google Chrome or Microsoft Edge (Explorer does not seem to work well). The website is completely new and may have some glitches in the beginning, although we tried to test everything. [&hellip;]","og_url":"https:\/\/www.hmaa-hc.hu\/en\/sarasota\/","og_site_name":"HMAA Hungary Chapter","article_modified_time":"2022-07-05T11:53:23+00:00","og_image":[{"url":"https:\/\/www.hmaa-hc.hu\/wp-content\/uploads\/2022\/07\/sarasota.jpg","type":"","width":"","height":""}],"twitter_card":"summary_large_image","twitter_misc":{"Estimated reading time":"5 minutes"},"schema":{"@context":"https:\/\/schema.org","@graph":[{"@type":"WebPage","@id":"https:\/\/www.hmaa-hc.hu\/sarasota\/","url":"https:\/\/www.hmaa-hc.hu\/sarasota\/","name":"Sarasota - HMAA Hungary Chapter","isPartOf":{"@id":"https:\/\/www.hmaa-hc.hu\/#website"},"primaryImageOfPage":{"@id":"https:\/\/www.hmaa-hc.hu\/sarasota\/#primaryimage"},"image":{"@id":"https:\/\/www.hmaa-hc.hu\/sarasota\/#primaryimage"},"thumbnailUrl":"https:\/\/www.hmaa-hc.hu\/wp-content\/uploads\/2022\/07\/sarasota.jpg","datePublished":"2022-07-05T11:35:28+00:00","dateModified":"2022-07-05T11:53:23+00:00","breadcrumb":{"@id":"https:\/\/www.hmaa-hc.hu\/sarasota\/#breadcrumb"},"inLanguage":"en-GB","potentialAction":[{"@type":"ReadAction","target":["https:\/\/www.hmaa-hc.hu\/sarasota\/"]}]},{"@type":"ImageObject","inLanguage":"en-GB","@id":"https:\/\/www.hmaa-hc.hu\/sarasota\/#primaryimage","url":"https:\/\/www.hmaa-hc.hu\/wp-content\/uploads\/2022\/07\/sarasota.jpg","contentUrl":"https:\/\/www.hmaa-hc.hu\/wp-content\/uploads\/2022\/07\/sarasota.jpg"},{"@type":"BreadcrumbList","@id":"https:\/\/www.hmaa-hc.hu\/sarasota\/#breadcrumb","itemListElement":[{"@type":"ListItem","position":1,"name":"Kezd\u0151lap","item":"https:\/\/www.hmaa-hc.hu\/"},{"@type":"ListItem","position":2,"name":"Sarasota"}]},{"@type":"WebSite","@id":"https:\/\/www.hmaa-hc.hu\/#website","url":"https:\/\/www.hmaa-hc.hu\/","name":"HMAA Hungary Chapter","description":"Hungarian American Medical Association, Hungarian Chapter","potentialAction":[{"@type":"SearchAction","target":{"@type":"EntryPoint","urlTemplate":"https:\/\/www.hmaa-hc.hu\/?s={search_term_string}"},"query-input":{"@type":"PropertyValueSpecification","valueRequired":true,"valueName":"search_term_string"}}],"inLanguage":"en-GB"}]}},"_links":{"self":[{"href":"https:\/\/www.hmaa-hc.hu\/en\/wp-json\/wp\/v2\/pages\/1051","targetHints":{"allow":["GET"]}}],"collection":[{"href":"https:\/\/www.hmaa-hc.hu\/en\/wp-json\/wp\/v2\/pages"}],"about":[{"href":"https:\/\/www.hmaa-hc.hu\/en\/wp-json\/wp\/v2\/types\/page"}],"author":[{"embeddable":true,"href":"https:\/\/www.hmaa-hc.hu\/en\/wp-json\/wp\/v2\/users\/1"}],"replies":[{"embeddable":true,"href":"https:\/\/www.hmaa-hc.hu\/en\/wp-json\/wp\/v2\/comments?post=1051"}],"version-history":[{"count":16,"href":"https:\/\/www.hmaa-hc.hu\/en\/wp-json\/wp\/v2\/pages\/1051\/revisions"}],"predecessor-version":[{"id":1080,"href":"https:\/\/www.hmaa-hc.hu\/en\/wp-json\/wp\/v2\/pages\/1051\/revisions\/1080"}],"wp:attachment":[{"href":"https:\/\/www.hmaa-hc.hu\/en\/wp-json\/wp\/v2\/media?parent=1051"}],"curies":[{"name":"wp","href":"https:\/\/api.w.org\/{rel}","templated":true}]}}